{"id":11,"date":"2024-12-18T15:22:27","date_gmt":"2024-12-18T14:22:27","guid":{"rendered":"https:\/\/allygence.co\/fr\/?page_id=11"},"modified":"2025-02-13T13:48:53","modified_gmt":"2025-02-13T12:48:53","slug":"services","status":"publish","type":"page","link":"https:\/\/allygence.co\/fr\/services\/","title":{"rendered":"Services"},"content":{"rendered":"\n<div class=\"wp-block-cover alignfull\" style=\"margin-top:0;margin-bottom:0;padding-top:5px;padding-bottom:5px;min-height:520px;aspect-ratio:unset;\"><span aria-hidden=\"true\" class=\"wp-block-cover__background has-black-background-color has-background-dim-10 has-background-dim\"><\/span><img loading=\"lazy\" decoding=\"async\" width=\"1920\" height=\"1080\" class=\"wp-block-cover__image-background wp-image-107\" alt=\"\" src=\"https:\/\/allygence.co\/fr\/wp-content\/uploads\/sites\/2\/2024\/12\/Services_Haut.jpg\" style=\"object-position:50% 10%\" data-object-fit=\"cover\" data-object-position=\"50% 10%\" srcset=\"https:\/\/allygence.co\/fr\/wp-content\/uploads\/sites\/2\/2024\/12\/Services_Haut.jpg 1920w, https:\/\/allygence.co\/fr\/wp-content\/uploads\/sites\/2\/2024\/12\/Services_Haut-300x169.jpg 300w, https:\/\/allygence.co\/fr\/wp-content\/uploads\/sites\/2\/2024\/12\/Services_Haut-1024x576.jpg 1024w, https:\/\/allygence.co\/fr\/wp-content\/uploads\/sites\/2\/2024\/12\/Services_Haut-768x432.jpg 768w, https:\/\/allygence.co\/fr\/wp-content\/uploads\/sites\/2\/2024\/12\/Services_Haut-1536x864.jpg 1536w\" sizes=\"auto, (max-width: 1920px) 100vw, 1920px\" \/><div class=\"wp-block-cover__inner-container has-global-padding is-layout-constrained wp-container-core-cover-is-layout-ffcd02c7 wp-block-cover-is-layout-constrained\">\n<div class=\"wp-block-group alignwide is-vertical is-content-justification-left is-layout-flex wp-container-core-group-is-layout-b21d21b4 wp-block-group-is-layout-flex\" style=\"min-height:500px\">\n<div class=\"wp-block-group has-global-padding is-layout-constrained wp-container-core-group-is-layout-bea02a06 wp-block-group-is-layout-constrained\">\n<h2 class=\"wp-block-heading has-text-align-left has-text-color\" style=\"color:#171d28;margin-bottom:0px;padding-bottom:30px;font-size:clamp(46.18px, 2.886rem + ((1vw - 3.2px) * 4.98), 90px);font-style:normal;font-weight:700;line-height:1\">Parcours complet de bout en bout&#8230;<\/h2>\n\n\n\n<p class=\"has-text-align-left has-text-color\" style=\"color:#ffffff;margin-top:0;margin-right:0;margin-bottom:0;margin-left:0;padding-top:20px;padding-right:0;padding-bottom:0;padding-left:0;font-size:clamp(18.959px, 1.185rem + ((1vw - 3.2px) * 1.255), 30px);font-style:normal;font-weight:700;line-height:1\">&#8230;de la strat\u00e9gie \u00e0 la mise en \u0153uvre des op\u00e9rations<\/p>\n\n\n\n<div class=\"wp-block-group is-vertical is-content-justification-stretch is-layout-flex wp-container-core-group-is-layout-53ad70e0 wp-block-group-is-layout-flex\" style=\"margin-top:1.61rem;padding-right:0px;padding-left:0px\">\n<div class=\"wp-block-group has-global-padding is-content-justification-left is-layout-constrained wp-container-core-group-is-layout-a938e025 wp-block-group-is-layout-constrained\" style=\"margin-top:0px\">\n<div class=\"wp-block-buttons is-horizontal is-content-justification-right is-layout-flex wp-container-core-buttons-is-layout-099266fd wp-block-buttons-is-layout-flex\" style=\"margin-top:0.51rem\">\n<div class=\"wp-block-button has-custom-width wp-block-button__width-100 has-custom-font-size is-style-fill\" style=\"font-size:clamp(0.875rem, 0.875rem + ((1vw - 0.2rem) * 0.245), 1.01rem);font-style:normal;font-weight:600;line-height:1.5;text-transform:capitalize\"><a class=\"wp-block-button__link has-text-color has-background wp-element-button\" href=\"https:\/\/allygence.co\/fr\/partenariat\/\" style=\"border-style:none;border-width:0px;border-radius:30px;color:#fffffd;background-color:#5947fc;padding-top:0.71rem;padding-right:0.31rem;padding-bottom:0.71rem;padding-left:0.31rem\">PARTENARIAT<\/a><\/div>\n<\/div>\n<\/div>\n<\/div>\n<\/div>\n<\/div>\n<\/div><\/div>\n\n\n\n<div class=\"wp-block-group alignfull has-global-padding is-layout-constrained wp-container-core-group-is-layout-4383d167 wp-block-group-is-layout-constrained\">\n<div class=\"wp-block-group alignwide has-global-padding is-layout-constrained wp-container-core-group-is-layout-d8d84ff9 wp-block-group-is-layout-constrained\" style=\"margin-top:0;margin-bottom:0;padding-top:20px;padding-bottom:19px\">\n<div class=\"wp-block-columns is-layout-flex wp-container-core-columns-is-layout-92515837 wp-block-columns-is-layout-flex\">\n<div class=\"wp-block-column is-layout-flow wp-block-column-is-layout-flow\">\n<figure class=\"wp-block-image alignleft size-full has-custom-border\"><img loading=\"lazy\" decoding=\"async\" width=\"1280\" height=\"1280\" src=\"https:\/\/allygence.co\/fr\/wp-content\/uploads\/sites\/2\/2024\/12\/Services_2.jpg\" alt=\"\" class=\"wp-image-214\" style=\"border-radius:30px;aspect-ratio:3\/4;object-fit:cover\" srcset=\"https:\/\/allygence.co\/fr\/wp-content\/uploads\/sites\/2\/2024\/12\/Services_2.jpg 1280w, https:\/\/allygence.co\/fr\/wp-content\/uploads\/sites\/2\/2024\/12\/Services_2-300x300.jpg 300w, https:\/\/allygence.co\/fr\/wp-content\/uploads\/sites\/2\/2024\/12\/Services_2-1024x1024.jpg 1024w, https:\/\/allygence.co\/fr\/wp-content\/uploads\/sites\/2\/2024\/12\/Services_2-150x150.jpg 150w, https:\/\/allygence.co\/fr\/wp-content\/uploads\/sites\/2\/2024\/12\/Services_2-768x768.jpg 768w\" sizes=\"auto, (max-width: 1280px) 100vw, 1280px\" \/><\/figure>\n<\/div>\n\n\n\n<div class=\"wp-block-column is-vertically-aligned-center has-global-padding is-content-justification-left is-layout-constrained wp-container-core-column-is-layout-12dd3699 wp-block-column-is-layout-constrained\">\n<h3 class=\"wp-block-heading has-text-align-left has-text-color has-suranna-font-family\" style=\"color:#000000;margin-top:0.5rem;margin-bottom:0rem;font-size:clamp(24.034px, 1.502rem + ((1vw - 3.2px) * 1.814), 40px);font-style:normal;font-weight:500;letter-spacing:0px;line-height:1.3\">Vision strat\u00e9gique<\/h3>\n\n\n\n<hr class=\"wp-block-separator has-alpha-channel-opacity\"\/>\n\n\n\n<p class=\"has-text-color has-link-color has-pontano-sans-font-family wp-elements-0cf42435be4dd699930961cc357c0e75\" style=\"color:#000000;font-size:clamp(14px, 0.875rem + ((1vw - 3.2px) * 0.455), 18px);\">Chez Allygence, nous vous aidons \u00e0 fa\u00e7onner une vision claire et puissante pour votre entreprise. Ensemble, nous explorerons vos objectifs et vos valeurs pour cr\u00e9er une strat\u00e9gie qui ouvre la voie \u00e0 une croissance et un succ\u00e8s durables.<\/p>\n\n\n\n<p>Notre \u00e9quipe d&rsquo;experts analysera les tendances du march\u00e9 et vos atouts uniques. Nous transformerons les id\u00e9es en plans d&rsquo;action, en veillant \u00e0 ce que chaque \u00e9tape que vous franchissez soit conforme \u00e0 votre vision. Pr\u00e9parez-vous \u00e0 d\u00e9bloquer de nouvelles opportunit\u00e9s pour votre entreprise&nbsp;!<\/p>\n\n\n\n<p>Nous croyons en la collaboration. En travaillant en \u00e9troite collaboration avec vous, nous affinerons votre strat\u00e9gie et vous pr\u00e9parerons pour le voyage \u00e0 venir. Avec Allygence, vous vous sentirez en confiance pour prendre des d\u00e9cisions \u00e9clair\u00e9es qui g\u00e9n\u00e8rent des r\u00e9sultats percutants.<\/p>\n\n\n\n<div class=\"wp-block-buttons is-horizontal is-content-justification-left is-layout-flex wp-container-core-buttons-is-layout-324fa30b wp-block-buttons-is-layout-flex\" style=\"margin-top:20px\">\n<div class=\"wp-block-button has-custom-width wp-block-button__width-50 has-custom-font-size is-style-fill\" style=\"font-size:clamp(0.875rem, 0.875rem + ((1vw - 0.2rem) * 0.245), 1.01rem);font-style:normal;font-weight:600;line-height:1.5;text-transform:uppercase\"><a class=\"wp-block-button__link has-text-color has-background wp-element-button\" href=\"https:\/\/allygence.co\/fr\/contact\/\" style=\"border-style:none;border-width:0px;border-radius:30px;color:#fffffd;background-color:#5947fc;padding-top:0.71rem;padding-right:0.31rem;padding-bottom:0.71rem;padding-left:0.31rem\">RENCONTRONS-NOUS<\/a><\/div>\n<\/div>\n<\/div>\n<\/div>\n<\/div>\n<\/div>\n\n\n\n<div class=\"wp-block-group alignfull has-global-padding is-layout-constrained wp-container-core-group-is-layout-4383d167 wp-block-group-is-layout-constrained\">\n<div class=\"wp-block-group alignwide has-global-padding is-layout-constrained wp-container-core-group-is-layout-1be1424c wp-block-group-is-layout-constrained\" style=\"margin-top:0;margin-bottom:0;padding-bottom:100px\">\n<div class=\"wp-block-columns is-layout-flex wp-container-core-columns-is-layout-92515837 wp-block-columns-is-layout-flex\">\n<div class=\"wp-block-column is-vertically-aligned-center has-global-padding is-content-justification-left is-layout-constrained wp-container-core-column-is-layout-12dd3699 wp-block-column-is-layout-constrained\">\n<h3 class=\"wp-block-heading has-text-align-left has-text-color has-suranna-font-family\" style=\"color:#000000;margin-top:0.5rem;margin-bottom:0rem;font-size:clamp(24.034px, 1.502rem + ((1vw - 3.2px) * 1.814), 40px);font-style:normal;font-weight:500;letter-spacing:0px;line-height:1.3\">Options d&rsquo;investissement <\/h3>\n\n\n\n<hr class=\"wp-block-separator has-alpha-channel-opacity\"\/>\n\n\n\n<p class=\"has-text-color has-link-color has-pontano-sans-font-family wp-elements-703754a5c3a9bf6eae141b77ae6057d0\" style=\"color:#000000;font-size:clamp(14px, 0.875rem + ((1vw - 3.2px) * 0.455), 18px);\">Chez Allygence, nous comprenons que le choix des bons investissements est crucial. Nous proposons une gamme d\u2019options sur mesure qui correspondent \u00e0 vos objectifs, vous garantissant ainsi les meilleurs choix pour la croissance et la r\u00e9ussite.<\/p>\n\n\n\n<p>Notre \u00e9quipe exp\u00e9riment\u00e9e effectue des \u00e9tudes et des analyses de march\u00e9 approfondies. Nous identifions les investissements potentiels qui correspondent \u00e0 votre vision, vous aidant \u00e0 peser le pour et le contre de chaque option pour prendre des d\u00e9cisions \u00e9clair\u00e9es en toute confiance.<\/p>\n\n\n\n<p>Une fois votre choix fait, nous sommes l\u00e0 pour vous accompagner dans l\u2019ex\u00e9cution des investissements, garantissant une transition en douceur qui s\u2019aligne sur vos objectifs strat\u00e9giques \u00e0 chaque \u00e9tape du processus.<\/p>\n\n\n\n<p class=\"has-text-color has-link-color has-pontano-sans-font-family wp-elements-e2e2d3f610aa2eafc2a6175e288462df\" style=\"color:#000000;font-size:clamp(14px, 0.875rem + ((1vw - 3.2px) * 0.455), 18px);\">Avec des conseils et une expertise continus, nous vous aidons \u00e0 surveiller et \u00e0 \u00e9valuer vos investissements. Notre engagement est de veiller \u00e0 ce que chaque choix contribue \u00e0 votre r\u00e9ussite globale, permettant \u00e0 votre entreprise de prosp\u00e9rer dans un environnement concurrentiel tout en garantissant la coh\u00e9rence avec vos valeurs.<\/p>\n\n\n\n<div class=\"wp-block-buttons is-horizontal is-content-justification-left is-layout-flex wp-container-core-buttons-is-layout-324fa30b wp-block-buttons-is-layout-flex\" style=\"margin-top:20px\">\n<div class=\"wp-block-button has-custom-width wp-block-button__width-50 has-custom-font-size is-style-fill\" style=\"font-size:clamp(0.875rem, 0.875rem + ((1vw - 0.2rem) * 0.245), 1.01rem);font-style:normal;font-weight:600;line-height:1.5;text-transform:uppercase\"><a class=\"wp-block-button__link has-text-color has-background wp-element-button\" href=\"https:\/\/allygence.co\/fr\/contact\/\" style=\"border-style:none;border-width:0px;border-radius:30px;color:#fffffd;background-color:#5947fc;padding-top:0.71rem;padding-right:0.31rem;padding-bottom:0.71rem;padding-left:0.31rem\">RENCONTRONS-NOUS<\/a><\/div>\n<\/div>\n<\/div>\n\n\n\n<div class=\"wp-block-column is-layout-flow wp-block-column-is-layout-flow\">\n<figure class=\"wp-block-image alignright size-full has-custom-border is-style-default\"><img loading=\"lazy\" decoding=\"async\" width=\"1713\" height=\"2560\" src=\"https:\/\/allygence.co\/fr\/wp-content\/uploads\/sites\/2\/2024\/12\/Services_3.jpg\" alt=\"\" class=\"wp-image-215\" style=\"border-radius:30px;aspect-ratio:2\/3;object-fit:cover\" srcset=\"https:\/\/allygence.co\/fr\/wp-content\/uploads\/sites\/2\/2024\/12\/Services_3.jpg 1713w, https:\/\/allygence.co\/fr\/wp-content\/uploads\/sites\/2\/2024\/12\/Services_3-201x300.jpg 201w, https:\/\/allygence.co\/fr\/wp-content\/uploads\/sites\/2\/2024\/12\/Services_3-685x1024.jpg 685w, https:\/\/allygence.co\/fr\/wp-content\/uploads\/sites\/2\/2024\/12\/Services_3-768x1148.jpg 768w, https:\/\/allygence.co\/fr\/wp-content\/uploads\/sites\/2\/2024\/12\/Services_3-1028x1536.jpg 1028w, https:\/\/allygence.co\/fr\/wp-content\/uploads\/sites\/2\/2024\/12\/Services_3-1370x2048.jpg 1370w\" sizes=\"auto, (max-width: 1713px) 100vw, 1713px\" \/><\/figure>\n<\/div>\n<\/div>\n<\/div>\n<\/div>\n\n\n\n<div class=\"wp-block-group alignfull has-global-padding is-layout-constrained wp-container-core-group-is-layout-4383d167 wp-block-group-is-layout-constrained\">\n<div class=\"wp-block-group alignwide has-global-padding is-layout-constrained wp-container-core-group-is-layout-3a1e1996 wp-block-group-is-layout-constrained\" style=\"margin-top:0;margin-bottom:0;padding-bottom:20px\">\n<div class=\"wp-block-columns is-layout-flex wp-container-core-columns-is-layout-92515837 wp-block-columns-is-layout-flex\">\n<div class=\"wp-block-column is-layout-flow wp-block-column-is-layout-flow\">\n<figure class=\"wp-block-image alignleft size-full has-custom-border\"><img loading=\"lazy\" decoding=\"async\" width=\"1920\" height=\"1281\" src=\"https:\/\/allygence.co\/fr\/wp-content\/uploads\/sites\/2\/2024\/12\/Services_4.jpg\" alt=\"\" class=\"wp-image-105\" style=\"border-radius:30px;aspect-ratio:3\/4;object-fit:cover\" srcset=\"https:\/\/allygence.co\/fr\/wp-content\/uploads\/sites\/2\/2024\/12\/Services_4.jpg 1920w, https:\/\/allygence.co\/fr\/wp-content\/uploads\/sites\/2\/2024\/12\/Services_4-300x200.jpg 300w, https:\/\/allygence.co\/fr\/wp-content\/uploads\/sites\/2\/2024\/12\/Services_4-1024x683.jpg 1024w, https:\/\/allygence.co\/fr\/wp-content\/uploads\/sites\/2\/2024\/12\/Services_4-768x512.jpg 768w, https:\/\/allygence.co\/fr\/wp-content\/uploads\/sites\/2\/2024\/12\/Services_4-1536x1025.jpg 1536w\" sizes=\"auto, (max-width: 1920px) 100vw, 1920px\" \/><\/figure>\n<\/div>\n\n\n\n<div class=\"wp-block-column is-vertically-aligned-center has-global-padding is-content-justification-left is-layout-constrained wp-container-core-column-is-layout-12dd3699 wp-block-column-is-layout-constrained\">\n<h3 class=\"wp-block-heading has-text-align-left has-text-color has-suranna-font-family\" style=\"color:#000000;margin-top:0.5rem;margin-bottom:0rem;font-size:clamp(24.034px, 1.502rem + ((1vw - 3.2px) * 1.814), 40px);font-style:normal;font-weight:500;letter-spacing:0px;line-height:1.3\">Soutien \u00e0 la mise en \u0153uvre<\/h3>\n\n\n\n<hr class=\"wp-block-separator has-alpha-channel-opacity\"\/>\n\n\n\n<p class=\"has-text-color has-link-color has-pontano-sans-font-family wp-elements-66aee749ada057cd858b0d993d47495a\" style=\"color:#000000;font-size:clamp(14px, 0.875rem + ((1vw - 3.2px) * 0.455), 18px);\">Chez Allygence, nous savons qu&rsquo;une bonne strat\u00e9gie n&rsquo;est efficace que si elle est ex\u00e9cut\u00e9e. Notre assistance \u00e0 la mise en \u0153uvre garantit que vos plans deviennent r\u00e9alit\u00e9, en vous guidant \u00e0 chaque \u00e9tape pour des r\u00e9sultats positifs.<\/p>\n\n\n\n<p>Nous fournissons une assistance pratique pendant le processus de mise en \u0153uvre. Nos experts sont \u00e0 vos c\u00f4t\u00e9s, rel\u00e8vent les d\u00e9fis au fur et \u00e0 mesure qu&rsquo;ils se pr\u00e9sentent et effectuent des ajustements pour que votre projet reste sur la bonne voie et align\u00e9 sur vos objectifs.<\/p>\n\n\n\n<p>Notre engagement ne s&rsquo;arr\u00eate pas \u00e0 l&rsquo;ex\u00e9cution. Nous \u00e9valuons continuellement les progr\u00e8s et fournissons des commentaires, garantissant que votre mise en \u0153uvre reste align\u00e9e sur votre vision strat\u00e9gique et produit les r\u00e9sultats escompt\u00e9s.<\/p>\n\n\n\n<p class=\"has-text-color has-link-color has-pontano-sans-font-family wp-elements-91c51b1358322cc8293dddf36e0f62f5\" style=\"color:#000000;font-size:clamp(14px, 0.875rem + ((1vw - 3.2px) * 0.455), 18px);\">Gr\u00e2ce \u00e0 notre mentorat, nous permettons \u00e0 votre \u00e9quipe d&rsquo;adopter le changement en toute confiance. Nous vous dotons des comp\u00e9tences et des connaissances n\u00e9cessaires \u00e0 une croissance soutenue, afin que votre entreprise puisse prosp\u00e9rer longtemps apr\u00e8s la phase de mise en \u0153uvre.<\/p>\n\n\n\n<div class=\"wp-block-buttons is-horizontal is-content-justification-left is-layout-flex wp-container-core-buttons-is-layout-324fa30b wp-block-buttons-is-layout-flex\" style=\"margin-top:20px\">\n<div class=\"wp-block-button has-custom-width wp-block-button__width-50 has-custom-font-size is-style-fill\" style=\"font-size:clamp(0.875rem, 0.875rem + ((1vw - 0.2rem) * 0.245), 1.01rem);font-style:normal;font-weight:600;line-height:1.5;text-transform:uppercase\"><a class=\"wp-block-button__link has-text-color has-background wp-element-button\" href=\"https:\/\/allygence.co\/fr\/contact\/\" style=\"border-style:none;border-width:0px;border-radius:30px;color:#fffffd;background-color:#5947fc;padding-top:0.71rem;padding-right:0.31rem;padding-bottom:0.71rem;padding-left:0.31rem\">RENCONTRONS-NOUS<\/a><\/div>\n<\/div>\n<\/div>\n<\/div>\n<\/div>\n<\/div>\n\n\n\n<section class=\"wp-block-cover alignfull\" style=\"margin-top:0px;padding-top:1.01rem;padding-bottom:1.01rem;min-height:520px;aspect-ratio:unset;\"><span aria-hidden=\"true\" class=\"wp-block-cover__background has-black-background-color has-background-dim-30 has-background-dim\"><\/span><img loading=\"lazy\" decoding=\"async\" width=\"1920\" height=\"1280\" class=\"wp-block-cover__image-background wp-image-113\" alt=\"\" src=\"https:\/\/allygence.co\/fr\/wp-content\/uploads\/sites\/2\/2024\/12\/Services_Bas.jpg\" style=\"object-position:49% 33%\" data-object-fit=\"cover\" data-object-position=\"49% 33%\" srcset=\"https:\/\/allygence.co\/fr\/wp-content\/uploads\/sites\/2\/2024\/12\/Services_Bas.jpg 1920w, https:\/\/allygence.co\/fr\/wp-content\/uploads\/sites\/2\/2024\/12\/Services_Bas-300x200.jpg 300w, https:\/\/allygence.co\/fr\/wp-content\/uploads\/sites\/2\/2024\/12\/Services_Bas-1024x683.jpg 1024w, https:\/\/allygence.co\/fr\/wp-content\/uploads\/sites\/2\/2024\/12\/Services_Bas-768x512.jpg 768w, https:\/\/allygence.co\/fr\/wp-content\/uploads\/sites\/2\/2024\/12\/Services_Bas-1536x1024.jpg 1536w\" sizes=\"auto, (max-width: 1920px) 100vw, 1920px\" \/><div class=\"wp-block-cover__inner-container has-global-padding is-layout-constrained wp-container-core-cover-is-layout-b1bebcb3 wp-block-cover-is-layout-constrained\">\n<div class=\"wp-block-group has-text-color is-layout-flow wp-block-group-is-layout-flow\" style=\"color:#fffffd;margin-top:0px;padding-top:0rem;padding-right:1rem;padding-bottom:0rem;padding-left:1rem;font-size:clamp(0.875rem, 0.875rem + ((1vw - 0.2rem) * 0.464), 1.13rem);font-style:normal;font-weight:400;line-height:1.4\">\n<div class=\"wp-block-group has-global-padding is-layout-constrained wp-container-core-group-is-layout-bdbfdc43 wp-block-group-is-layout-constrained\">\n<p class=\"has-text-align-center has-text-color\" style=\"color:#ffffff;margin-bottom:0rem;font-size:clamp(24.034px, 1.502rem + ((1vw - 3.2px) * 1.814), 40px);font-style:normal;font-weight:700;line-height:1\">Notre partenariat avec Allygence a transform\u00e9 notre vision en r\u00e9alit\u00e9. Leur soutien a \u00e9t\u00e9 inestimable !<\/p>\n<\/div>\n\n\n\n<div class=\"wp-block-group is-vertical is-content-justification-stretch is-layout-flex wp-container-core-group-is-layout-bfdebe91 wp-block-group-is-layout-flex\" style=\"margin-top:1.81rem;padding-right:0px;padding-left:0px\">\n<div class=\"wp-block-group has-global-padding is-content-justification-center is-layout-constrained wp-container-core-group-is-layout-2f0bcb29 wp-block-group-is-layout-constrained\" style=\"margin-top:0px\">\n<div class=\"wp-block-buttons is-horizontal is-content-justification-right is-layout-flex wp-container-core-buttons-is-layout-099266fd wp-block-buttons-is-layout-flex\" style=\"margin-top:0.51rem\">\n<div class=\"wp-block-button has-custom-width wp-block-button__width-100 has-custom-font-size is-style-fill\" style=\"font-size:clamp(0.875rem, 0.875rem + ((1vw - 0.2rem) * 0.245), 1.01rem);font-style:normal;font-weight:600;line-height:1.5;text-transform:uppercase\"><a class=\"wp-block-button__link has-text-color has-background wp-element-button\" href=\"https:\/\/allygence.co\/fr\/contact\/\" style=\"border-style:none;border-width:0px;border-radius:30px;color:#fffffd;background-color:#5947fc;padding-top:0.71rem;padding-right:0.31rem;padding-bottom:0.71rem;padding-left:0.31rem\">RENCONTRONS-NOUS<\/a><\/div>\n<\/div>\n<\/div>\n<\/div>\n<\/div>\n<\/div><\/section>\n","protected":false},"excerpt":{"rendered":"<p>Vision strat\u00e9gique Chez Allygence, nous vous aidons \u00e0 fa\u00e7onner une vision claire et puissante pour votre entreprise. Ensemble, nous explorerons vos objectifs et vos valeurs pour cr\u00e9er une strat\u00e9gie qui ouvre la voie \u00e0 une croissance et un succ\u00e8s durables. Notre \u00e9quipe d&rsquo;experts analysera les tendances du march\u00e9 et vos atouts uniques. Nous transformerons les [&hellip;]<\/p>\n","protected":false},"author":1,"featured_media":0,"parent":0,"menu_order":0,"comment_status":"closed","ping_status":"closed","template":"","meta":{"footnotes":""},"class_list":["post-11","page","type-page","status-publish","hentry"],"_links":{"self":[{"href":"https:\/\/allygence.co\/fr\/wp-json\/wp\/v2\/pages\/11","targetHints":{"allow":["GET"]}}],"collection":[{"href":"https:\/\/allygence.co\/fr\/wp-json\/wp\/v2\/pages"}],"about":[{"href":"https:\/\/allygence.co\/fr\/wp-json\/wp\/v2\/types\/page"}],"author":[{"embeddable":true,"href":"https:\/\/allygence.co\/fr\/wp-json\/wp\/v2\/users\/1"}],"replies":[{"embeddable":true,"href":"https:\/\/allygence.co\/fr\/wp-json\/wp\/v2\/comments?post=11"}],"version-history":[{"count":1,"href":"https:\/\/allygence.co\/fr\/wp-json\/wp\/v2\/pages\/11\/revisions"}],"predecessor-version":[{"id":1189,"href":"https:\/\/allygence.co\/fr\/wp-json\/wp\/v2\/pages\/11\/revisions\/1189"}],"wp:attachment":[{"href":"https:\/\/allygence.co\/fr\/wp-json\/wp\/v2\/media?parent=11"}],"curies":[{"name":"wp","href":"https:\/\/api.w.org\/{rel}","templated":true}]}}