{"id":1137,"date":"2025-02-05T11:34:21","date_gmt":"2025-02-05T10:34:21","guid":{"rendered":"https:\/\/allygence.co\/fr\/?page_id=1137"},"modified":"2025-02-05T11:54:05","modified_gmt":"2025-02-05T10:54:05","slug":"plan-du-site","status":"publish","type":"page","link":"https:\/\/allygence.co\/fr\/plan-du-site\/","title":{"rendered":"Plan du Site"},"content":{"rendered":"\n<div class=\"wp-block-group alignfull has-global-padding is-layout-constrained wp-container-core-group-is-layout-429b0cba wp-block-group-is-layout-constrained\" style=\"margin-top:0px;margin-bottom:0px;padding-top:0px;padding-right:0px;padding-bottom:0px;padding-left:0px\">\n<div class=\"wp-block-group alignwide has-global-padding is-layout-constrained wp-container-core-group-is-layout-62bafa63 wp-block-group-is-layout-constrained\" style=\"margin-top:0;margin-bottom:0;padding-top:0px;padding-right:0px;padding-bottom:0px;padding-left:2px\">\n<div class=\"wp-block-columns is-layout-flex wp-container-core-columns-is-layout-8fe1467f wp-block-columns-is-layout-flex\" style=\"margin-top:0px;margin-bottom:0px;padding-top:0px;padding-right:0px;padding-bottom:0px;padding-left:0px\">\n<div class=\"wp-block-column is-vertically-aligned-center has-global-padding is-content-justification-left is-layout-constrained wp-container-core-column-is-layout-12dd3699 wp-block-column-is-layout-constrained\">\n<h3 class=\"wp-block-heading has-text-align-left has-text-color has-suranna-font-family\" style=\"color:#000000;margin-top:0.5rem;margin-bottom:0rem;font-size:clamp(24.034px, 1.502rem + ((1vw - 3.2px) * 1.814), 40px);font-style:normal;font-weight:500;letter-spacing:0px;line-height:1.3\"><a href=\"https:\/\/allygence.co\/fr\/\" data-type=\"page\" data-id=\"7\">Accueil<\/a><\/h3>\n\n\n\n<hr class=\"wp-block-separator alignwide has-alpha-channel-opacity\" style=\"margin-top:0px;margin-bottom:0px\"\/>\n\n\n\n<p class=\"has-text-align-left has-text-color has-link-color has-pontano-sans-font-family wp-elements-296b8fe8049d04e5b44ce6c730a405ae\" style=\"color:#000000;margin-top:0px;margin-right:0px;margin-bottom:0px;margin-left:0px;padding-top:0px;padding-right:0px;padding-bottom:0px;padding-left:0px;font-size:clamp(14px, 0.875rem + ((1vw - 3.2px) * 0.455), 18px);\">Transformez Votre Vision en r\u00e9alit\u00e9 d\u00e8s aujourd\u2019hui!<\/p>\n\n\n\n<p class=\"has-text-align-left has-text-color has-link-color has-pontano-sans-font-family wp-elements-00e31d574474a2058e4beaca5acffb33\" style=\"color:#000000;margin-top:0px;margin-right:0px;margin-bottom:0px;margin-left:0px;padding-top:0px;padding-right:0px;padding-bottom:0px;padding-left:0px;font-size:clamp(14px, 0.875rem + ((1vw - 3.2px) * 0.455), 18px);\">Nous vous aidons \u00e0 investir et \u00e0 d\u00e9velopper votre entreprise gr\u00e2ce \u00e0 des strat\u00e9gies sur mesure et un accompagnement pratique. Prosp\u00e9rons ensemble !<\/p>\n<\/div>\n<\/div>\n<\/div>\n\n\n\n<div class=\"wp-block-group alignwide has-global-padding is-layout-constrained wp-container-core-group-is-layout-62bafa63 wp-block-group-is-layout-constrained\" style=\"margin-top:0;margin-bottom:0;padding-top:0px;padding-right:0px;padding-bottom:0px;padding-left:2px\">\n<div class=\"wp-block-columns is-layout-flex wp-container-core-columns-is-layout-8fe1467f wp-block-columns-is-layout-flex\" style=\"margin-top:0px;margin-bottom:0px;padding-top:0px;padding-right:0px;padding-bottom:0px;padding-left:0px\">\n<div class=\"wp-block-column is-vertically-aligned-center has-global-padding is-content-justification-left is-layout-constrained wp-container-core-column-is-layout-12dd3699 wp-block-column-is-layout-constrained\">\n<h3 class=\"wp-block-heading has-text-align-left has-text-color has-suranna-font-family\" style=\"color:#000000;margin-top:0.5rem;margin-bottom:0rem;font-size:clamp(24.034px, 1.502rem + ((1vw - 3.2px) * 1.814), 40px);font-style:normal;font-weight:500;letter-spacing:0px;line-height:1.3\"><a href=\"https:\/\/allygence.co\/fr\/a-propos\/\" data-type=\"page\" data-id=\"9\">A Propos<\/a><\/h3>\n\n\n\n<hr class=\"wp-block-separator alignwide has-alpha-channel-opacity\" style=\"margin-top:0px;margin-bottom:0px\"\/>\n\n\n\n<p class=\"has-text-align-left has-text-color has-link-color has-pontano-sans-font-family wp-elements-5d22cd2b5d3dd2427766a74809fddf22\" style=\"color:#000000;margin-top:0px;margin-right:0px;margin-bottom:0px;margin-left:0px;padding-top:0px;padding-right:0px;padding-bottom:0px;padding-left:0px;font-size:clamp(14px, 0.875rem + ((1vw - 3.2px) * 0.455), 18px);\">Transcender l\u2019ordre existant c\u2019est donner vie \u00e0 de nouvelles visions<\/p>\n<\/div>\n<\/div>\n<\/div>\n\n\n\n<div class=\"wp-block-group alignwide has-global-padding is-layout-constrained wp-container-core-group-is-layout-62bafa63 wp-block-group-is-layout-constrained\" style=\"margin-top:0;margin-bottom:0;padding-top:0px;padding-right:0px;padding-bottom:0px;padding-left:2px\">\n<div class=\"wp-block-columns is-layout-flex wp-container-core-columns-is-layout-8fe1467f wp-block-columns-is-layout-flex\" style=\"margin-top:0px;margin-bottom:0px;padding-top:0px;padding-right:0px;padding-bottom:0px;padding-left:0px\">\n<div class=\"wp-block-column is-vertically-aligned-center has-global-padding is-content-justification-left is-layout-constrained wp-container-core-column-is-layout-12dd3699 wp-block-column-is-layout-constrained\">\n<h3 class=\"wp-block-heading has-text-align-left has-text-color has-suranna-font-family\" style=\"color:#000000;margin-top:0.5rem;margin-bottom:0rem;font-size:clamp(24.034px, 1.502rem + ((1vw - 3.2px) * 1.814), 40px);font-style:normal;font-weight:500;letter-spacing:0px;line-height:1.3\"><a href=\"https:\/\/allygence.co\/fr\/services\/\" data-type=\"page\" data-id=\"11\">Services<\/a><\/h3>\n\n\n\n<hr class=\"wp-block-separator alignwide has-alpha-channel-opacity\" style=\"margin-top:0px;margin-bottom:0px\"\/>\n\n\n\n<p class=\"has-text-align-left has-text-color has-link-color has-pontano-sans-font-family wp-elements-25e0d740a38d8c4ee47be7933fd51de3\" style=\"color:#000000;margin-top:0px;margin-right:0px;margin-bottom:0px;margin-left:0px;padding-top:0px;padding-right:0px;padding-bottom:0px;padding-left:0px;font-size:clamp(14px, 0.875rem + ((1vw - 3.2px) * 0.455), 18px);\">Parcours complet de bout en bout de la strat\u00e9gie \u00e0 la mise en \u0153uvre des op\u00e9rations<\/p>\n<\/div>\n<\/div>\n<\/div>\n\n\n\n<div class=\"wp-block-group alignwide has-global-padding is-layout-constrained wp-container-core-group-is-layout-62bafa63 wp-block-group-is-layout-constrained\" style=\"margin-top:0;margin-bottom:0;padding-top:0px;padding-right:0px;padding-bottom:0px;padding-left:2px\">\n<div class=\"wp-block-columns is-layout-flex wp-container-core-columns-is-layout-8fe1467f wp-block-columns-is-layout-flex\" style=\"margin-top:0px;margin-bottom:0px;padding-top:0px;padding-right:0px;padding-bottom:0px;padding-left:0px\">\n<div class=\"wp-block-column is-vertically-aligned-center has-global-padding is-content-justification-left is-layout-constrained wp-container-core-column-is-layout-12dd3699 wp-block-column-is-layout-constrained\">\n<h3 class=\"wp-block-heading has-text-align-left has-text-color has-suranna-font-family\" style=\"color:#000000;margin-top:0.5rem;margin-bottom:0rem;font-size:clamp(24.034px, 1.502rem + ((1vw - 3.2px) * 1.814), 40px);font-style:normal;font-weight:500;letter-spacing:0px;line-height:1.3\"><a href=\"https:\/\/allygence.co\/fr\/contact\/\" data-type=\"page\" data-id=\"13\">Contact<\/a><\/h3>\n\n\n\n<hr class=\"wp-block-separator alignwide has-alpha-channel-opacity\" style=\"margin-top:0px;margin-bottom:0px\"\/>\n\n\n\n<p class=\"has-text-align-left has-text-color has-link-color has-pontano-sans-font-family wp-elements-05fe27b4d832f49bef8cebe9295e165a\" style=\"color:#000000;margin-top:0px;margin-right:0px;margin-bottom:0px;margin-left:0px;padding-top:0px;padding-right:0px;padding-bottom:0px;padding-left:0px;font-size:clamp(14px, 0.875rem + ((1vw - 3.2px) * 0.455), 18px);\">Rencontrons-Nous<\/p>\n<\/div>\n<\/div>\n<\/div>\n<\/div>\n","protected":false},"excerpt":{"rendered":"<p>Accueil Transformez Votre Vision en r\u00e9alit\u00e9 d\u00e8s aujourd\u2019hui! Nous vous aidons \u00e0 investir et \u00e0 d\u00e9velopper votre entreprise gr\u00e2ce \u00e0 des strat\u00e9gies sur mesure et un accompagnement pratique. Prosp\u00e9rons ensemble ! A Propos Transcender l\u2019ordre existant c\u2019est donner vie \u00e0 de nouvelles visions Services Parcours complet de bout en bout de la strat\u00e9gie \u00e0 la [&hellip;]<\/p>\n","protected":false},"author":1,"featured_media":0,"parent":0,"menu_order":0,"comment_status":"closed","ping_status":"closed","template":"","meta":{"footnotes":""},"class_list":["post-1137","page","type-page","status-publish","hentry"],"_links":{"self":[{"href":"https:\/\/allygence.co\/fr\/wp-json\/wp\/v2\/pages\/1137","targetHints":{"allow":["GET"]}}],"collection":[{"href":"https:\/\/allygence.co\/fr\/wp-json\/wp\/v2\/pages"}],"about":[{"href":"https:\/\/allygence.co\/fr\/wp-json\/wp\/v2\/types\/page"}],"author":[{"embeddable":true,"href":"https:\/\/allygence.co\/fr\/wp-json\/wp\/v2\/users\/1"}],"replies":[{"embeddable":true,"href":"https:\/\/allygence.co\/fr\/wp-json\/wp\/v2\/comments?post=1137"}],"version-history":[{"count":16,"href":"https:\/\/allygence.co\/fr\/wp-json\/wp\/v2\/pages\/1137\/revisions"}],"predecessor-version":[{"id":1159,"href":"https:\/\/allygence.co\/fr\/wp-json\/wp\/v2\/pages\/1137\/revisions\/1159"}],"wp:attachment":[{"href":"https:\/\/allygence.co\/fr\/wp-json\/wp\/v2\/media?parent=1137"}],"curies":[{"name":"wp","href":"https:\/\/api.w.org\/{rel}","templated":true}]}}