{"id":1165,"date":"2025-02-13T12:14:23","date_gmt":"2025-02-13T11:14:23","guid":{"rendered":"https:\/\/allygence.co\/fr\/?page_id=1165"},"modified":"2025-02-14T13:34:11","modified_gmt":"2025-02-14T12:34:11","slug":"partenariat","status":"publish","type":"page","link":"https:\/\/allygence.co\/fr\/partenariat\/","title":{"rendered":"Partenariat"},"content":{"rendered":"\n<div class=\"wp-block-cover alignfull\" style=\"margin-top:0;margin-bottom:0;padding-top:5px;padding-bottom:5px;min-height:520px;aspect-ratio:unset;\"><span aria-hidden=\"true\" class=\"wp-block-cover__background has-white-background-color has-background-dim-30 has-background-dim\"><\/span><img loading=\"lazy\" decoding=\"async\" width=\"1920\" height=\"1280\" class=\"wp-block-cover__image-background wp-image-1173\" alt=\"\" src=\"https:\/\/allygence.co\/fr\/wp-content\/uploads\/sites\/2\/2025\/02\/Partenariat_Haut.jpg\" data-object-fit=\"cover\" srcset=\"https:\/\/allygence.co\/fr\/wp-content\/uploads\/sites\/2\/2025\/02\/Partenariat_Haut.jpg 1920w, https:\/\/allygence.co\/fr\/wp-content\/uploads\/sites\/2\/2025\/02\/Partenariat_Haut-300x200.jpg 300w, https:\/\/allygence.co\/fr\/wp-content\/uploads\/sites\/2\/2025\/02\/Partenariat_Haut-1024x683.jpg 1024w, https:\/\/allygence.co\/fr\/wp-content\/uploads\/sites\/2\/2025\/02\/Partenariat_Haut-768x512.jpg 768w, https:\/\/allygence.co\/fr\/wp-content\/uploads\/sites\/2\/2025\/02\/Partenariat_Haut-1536x1024.jpg 1536w\" sizes=\"auto, (max-width: 1920px) 100vw, 1920px\" \/><div class=\"wp-block-cover__inner-container has-global-padding is-layout-constrained wp-container-core-cover-is-layout-ffcd02c7 wp-block-cover-is-layout-constrained\">\n<div class=\"wp-block-group alignwide is-vertical is-content-justification-left is-layout-flex wp-container-core-group-is-layout-b21d21b4 wp-block-group-is-layout-flex\" style=\"min-height:500px\">\n<div class=\"wp-block-group has-global-padding is-layout-constrained wp-container-core-group-is-layout-bea02a06 wp-block-group-is-layout-constrained\">\n<h2 class=\"wp-block-heading has-text-align-left has-text-color\" style=\"color:#171d28;margin-bottom:0px;padding-bottom:30px;font-size:clamp(46.18px, 2.886rem + ((1vw - 3.2px) * 4.98), 90px);font-style:normal;font-weight:700;line-height:1\">Votre Partenaire Strat\u00e9gique&#8230;<\/h2>\n\n\n\n<p class=\"has-text-align-left has-text-color\" style=\"color:#ffffff;margin-top:0;margin-right:0;margin-bottom:0;margin-left:0;padding-top:20px;padding-right:0;padding-bottom:0;padding-left:0;font-size:clamp(18.959px, 1.185rem + ((1vw - 3.2px) * 1.255), 30px);font-style:normal;font-weight:700;line-height:1\">&#8230;guidant vos mouvements pour maximiser vos opportunit\u00e9s et minimiser vos risques<\/p>\n\n\n\n<div class=\"wp-block-group is-vertical is-content-justification-stretch is-layout-flex wp-container-core-group-is-layout-53ad70e0 wp-block-group-is-layout-flex\" style=\"margin-top:1.61rem;padding-right:0px;padding-left:0px\">\n<div class=\"wp-block-group has-global-padding is-content-justification-left is-layout-constrained wp-container-core-group-is-layout-a938e025 wp-block-group-is-layout-constrained\" style=\"margin-top:0px\">\n<div class=\"wp-block-buttons is-horizontal is-content-justification-right is-layout-flex wp-container-core-buttons-is-layout-099266fd wp-block-buttons-is-layout-flex\" style=\"margin-top:0.51rem\">\n<div class=\"wp-block-button has-custom-width wp-block-button__width-100 has-custom-font-size is-style-fill\" style=\"font-size:clamp(0.875rem, 0.875rem + ((1vw - 0.2rem) * 0.245), 1.01rem);font-style:normal;font-weight:600;line-height:1.5;text-transform:capitalize\"><a class=\"wp-block-button__link has-text-color has-background wp-element-button\" href=\"https:\/\/allygence.co\/fr\/contact\/\" style=\"border-style:none;border-width:0px;border-radius:30px;color:#fffffd;background-color:#5947fc;padding-top:0.71rem;padding-right:0.31rem;padding-bottom:0.71rem;padding-left:0.31rem\">RENCONTRONS-NOUS<\/a><\/div>\n<\/div>\n<\/div>\n<\/div>\n<\/div>\n<\/div>\n<\/div><\/div>\n\n\n\n<div class=\"wp-block-group alignfull has-global-padding is-layout-constrained wp-container-core-group-is-layout-4383d167 wp-block-group-is-layout-constrained\">\n<div class=\"wp-block-group alignwide has-global-padding is-layout-constrained wp-container-core-group-is-layout-d8d84ff9 wp-block-group-is-layout-constrained\" style=\"margin-top:0;margin-bottom:0;padding-top:20px;padding-bottom:19px\">\n<div class=\"wp-block-columns is-layout-flex wp-container-core-columns-is-layout-92515837 wp-block-columns-is-layout-flex\">\n<div class=\"wp-block-column is-layout-flow wp-block-column-is-layout-flow\">\n<figure class=\"wp-block-image alignleft size-full has-custom-border\"><img loading=\"lazy\" decoding=\"async\" width=\"1280\" height=\"1080\" src=\"https:\/\/allygence.co\/fr\/wp-content\/uploads\/sites\/2\/2025\/02\/Partenariat_2.jpg\" alt=\"\" class=\"wp-image-1169\" style=\"border-radius:30px;aspect-ratio:3\/4;object-fit:cover\" srcset=\"https:\/\/allygence.co\/fr\/wp-content\/uploads\/sites\/2\/2025\/02\/Partenariat_2.jpg 1280w, https:\/\/allygence.co\/fr\/wp-content\/uploads\/sites\/2\/2025\/02\/Partenariat_2-300x253.jpg 300w, https:\/\/allygence.co\/fr\/wp-content\/uploads\/sites\/2\/2025\/02\/Partenariat_2-1024x864.jpg 1024w, https:\/\/allygence.co\/fr\/wp-content\/uploads\/sites\/2\/2025\/02\/Partenariat_2-768x648.jpg 768w\" sizes=\"auto, (max-width: 1280px) 100vw, 1280px\" \/><\/figure>\n<\/div>\n\n\n\n<div class=\"wp-block-column is-vertically-aligned-center has-global-padding is-content-justification-left is-layout-constrained wp-container-core-column-is-layout-12dd3699 wp-block-column-is-layout-constrained\">\n<h3 class=\"wp-block-heading has-text-align-left has-text-color has-suranna-font-family\" style=\"color:#000000;margin-top:0.5rem;margin-bottom:0rem;font-size:clamp(24.034px, 1.502rem + ((1vw - 3.2px) * 1.814), 40px);font-style:normal;font-weight:500;letter-spacing:0px;line-height:1.3\">Le Fou : La Vision strat\u00e9gique<\/h3>\n\n\n\n<hr class=\"wp-block-separator has-alpha-channel-opacity\"\/>\n\n\n\n<p class=\"has-text-color has-link-color has-pontano-sans-font-family wp-elements-ccb6482d2ab0141f5d5e15ca5a92b70b\" style=\"color:#000000;font-size:clamp(14px, 0.875rem + ((1vw - 3.2px) * 0.455), 18px);\">Le fou, avec sa capacit\u00e9 \u00e0 se d\u00e9placer en diagonale, symbolise notre vision strat\u00e9gique.<\/p>\n\n\n\n<p class=\"has-text-color has-link-color has-pontano-sans-font-family wp-elements-1affeb863470eaad6f30eb716df32e68\" style=\"color:#000000;font-size:clamp(14px, 0.875rem + ((1vw - 3.2px) * 0.455), 18px);\">Nous analysons les tendances du march\u00e9 et anticipons les mouvements futurs pour tracer des trajectoires uniques et innovantes pour votre entreprise.<\/p>\n\n\n\n<p class=\"has-text-color has-link-color has-pontano-sans-font-family wp-elements-378a64f5d963d88086b75a9ead534de2\" style=\"color:#000000;font-size:clamp(14px, 0.875rem + ((1vw - 3.2px) * 0.455), 18px);\">Gr\u00e2ce \u00e0 cette perspective, nous identifions des opportunit\u00e9s d\u2019investissement align\u00e9es avec vos objectifs \u00e0 long terme.<\/p>\n\n\n\n<p><\/p>\n\n\n\n<div class=\"wp-block-buttons is-horizontal is-content-justification-left is-layout-flex wp-container-core-buttons-is-layout-324fa30b wp-block-buttons-is-layout-flex\" style=\"margin-top:20px\">\n<div class=\"wp-block-button has-custom-width wp-block-button__width-50 has-custom-font-size is-style-fill\" style=\"font-size:clamp(0.875rem, 0.875rem + ((1vw - 0.2rem) * 0.245), 1.01rem);font-style:normal;font-weight:600;line-height:1.5;text-transform:uppercase\"><a class=\"wp-block-button__link has-text-color has-background wp-element-button\" href=\"https:\/\/allygence.co\/fr\/contact\/\" style=\"border-style:none;border-width:0px;border-radius:30px;color:#fffffd;background-color:#5947fc;padding-top:0.71rem;padding-right:0.31rem;padding-bottom:0.71rem;padding-left:0.31rem\">RENCONTRONS-NOUS<\/a><\/div>\n<\/div>\n<\/div>\n<\/div>\n<\/div>\n<\/div>\n\n\n\n<div class=\"wp-block-group alignfull has-global-padding is-layout-constrained wp-container-core-group-is-layout-4383d167 wp-block-group-is-layout-constrained\">\n<div class=\"wp-block-group alignwide has-global-padding is-layout-constrained wp-container-core-group-is-layout-1be1424c wp-block-group-is-layout-constrained\" style=\"margin-top:0;margin-bottom:0;padding-bottom:100px\">\n<div class=\"wp-block-columns is-layout-flex wp-container-core-columns-is-layout-92515837 wp-block-columns-is-layout-flex\">\n<div class=\"wp-block-column is-vertically-aligned-center has-global-padding is-content-justification-left is-layout-constrained wp-container-core-column-is-layout-12dd3699 wp-block-column-is-layout-constrained\">\n<h3 class=\"wp-block-heading has-text-align-left has-text-color has-suranna-font-family\" style=\"color:#000000;margin-top:0.5rem;margin-bottom:0rem;font-size:clamp(24.034px, 1.502rem + ((1vw - 3.2px) * 1.814), 40px);font-style:normal;font-weight:500;letter-spacing:0px;line-height:1.3\">Le Cavalier : Les Options d&rsquo;investissement<\/h3>\n\n\n\n<hr class=\"wp-block-separator has-alpha-channel-opacity\"\/>\n\n\n\n<p class=\"has-text-color has-link-color has-pontano-sans-font-family wp-elements-bf0bb6d3e39babb8a9186dda645c019a\" style=\"color:#000000;font-size:clamp(14px, 0.875rem + ((1vw - 3.2px) * 0.455), 18px);\">Le cavalier, seul capable de sauter par-dessus les obstacles, repr\u00e9sente notre expertise dans la s\u00e9lection d\u2019options d\u2019investissement.<\/p>\n\n\n\n<p class=\"has-text-color has-link-color has-pontano-sans-font-family wp-elements-45d015bd4b2f3dc15257de07d170a8fb\" style=\"color:#000000;font-size:clamp(14px, 0.875rem + ((1vw - 3.2px) * 0.455), 18px);\">Nous identifions des solutions flexibles et adapt\u00e9es \u00e0 vos besoins sp\u00e9cifiques, qu\u2019il s\u2019agisse de diversification de portefeuille ou de financement cibl\u00e9.<\/p>\n\n\n\n<p class=\"has-text-color has-link-color has-pontano-sans-font-family wp-elements-0011b02faafa3d60a2a36eec5ca68a1a\" style=\"color:#000000;font-size:clamp(14px, 0.875rem + ((1vw - 3.2px) * 0.455), 18px);\">Nos recommandations sont con\u00e7ues pour contourner les d\u00e9fis et atteindre vos objectifs financiers.<\/p>\n\n\n\n<p><\/p>\n\n\n\n<div class=\"wp-block-buttons is-horizontal is-content-justification-left is-layout-flex wp-container-core-buttons-is-layout-324fa30b wp-block-buttons-is-layout-flex\" style=\"margin-top:20px\">\n<div class=\"wp-block-button has-custom-width wp-block-button__width-50 has-custom-font-size is-style-fill\" style=\"font-size:clamp(0.875rem, 0.875rem + ((1vw - 0.2rem) * 0.245), 1.01rem);font-style:normal;font-weight:600;line-height:1.5;text-transform:uppercase\"><a class=\"wp-block-button__link has-text-color has-background wp-element-button\" href=\"https:\/\/allygence.co\/fr\/contact\/\" style=\"border-style:none;border-width:0px;border-radius:30px;color:#fffffd;background-color:#5947fc;padding-top:0.71rem;padding-right:0.31rem;padding-bottom:0.71rem;padding-left:0.31rem\">RENCONTRONS-NOUS<\/a><\/div>\n<\/div>\n<\/div>\n\n\n\n<div class=\"wp-block-column is-layout-flow wp-block-column-is-layout-flow\">\n<figure class=\"wp-block-image alignright size-full has-custom-border is-style-default\"><img loading=\"lazy\" decoding=\"async\" width=\"1280\" height=\"1080\" src=\"https:\/\/allygence.co\/fr\/wp-content\/uploads\/sites\/2\/2025\/02\/Partenariat_3.jpg\" alt=\"\" class=\"wp-image-1170\" style=\"border-radius:30px;aspect-ratio:3\/4;object-fit:cover\" srcset=\"https:\/\/allygence.co\/fr\/wp-content\/uploads\/sites\/2\/2025\/02\/Partenariat_3.jpg 1280w, https:\/\/allygence.co\/fr\/wp-content\/uploads\/sites\/2\/2025\/02\/Partenariat_3-300x253.jpg 300w, https:\/\/allygence.co\/fr\/wp-content\/uploads\/sites\/2\/2025\/02\/Partenariat_3-1024x864.jpg 1024w, https:\/\/allygence.co\/fr\/wp-content\/uploads\/sites\/2\/2025\/02\/Partenariat_3-768x648.jpg 768w\" sizes=\"auto, (max-width: 1280px) 100vw, 1280px\" \/><\/figure>\n<\/div>\n<\/div>\n<\/div>\n<\/div>\n\n\n\n<div class=\"wp-block-group alignfull has-global-padding is-layout-constrained wp-container-core-group-is-layout-4383d167 wp-block-group-is-layout-constrained\">\n<div class=\"wp-block-group alignwide has-global-padding is-layout-constrained wp-container-core-group-is-layout-3a1e1996 wp-block-group-is-layout-constrained\" style=\"margin-top:0;margin-bottom:0;padding-bottom:20px\">\n<div class=\"wp-block-columns is-layout-flex wp-container-core-columns-is-layout-92515837 wp-block-columns-is-layout-flex\">\n<div class=\"wp-block-column is-layout-flow wp-block-column-is-layout-flow\">\n<figure class=\"wp-block-image alignleft size-full has-custom-border\"><img loading=\"lazy\" decoding=\"async\" width=\"1280\" height=\"1080\" src=\"https:\/\/allygence.co\/fr\/wp-content\/uploads\/sites\/2\/2025\/02\/Partenariat_4.jpg\" alt=\"\" class=\"wp-image-1171\" style=\"border-radius:30px;aspect-ratio:3\/4;object-fit:cover\" srcset=\"https:\/\/allygence.co\/fr\/wp-content\/uploads\/sites\/2\/2025\/02\/Partenariat_4.jpg 1280w, https:\/\/allygence.co\/fr\/wp-content\/uploads\/sites\/2\/2025\/02\/Partenariat_4-300x253.jpg 300w, https:\/\/allygence.co\/fr\/wp-content\/uploads\/sites\/2\/2025\/02\/Partenariat_4-1024x864.jpg 1024w, https:\/\/allygence.co\/fr\/wp-content\/uploads\/sites\/2\/2025\/02\/Partenariat_4-768x648.jpg 768w\" sizes=\"auto, (max-width: 1280px) 100vw, 1280px\" \/><\/figure>\n<\/div>\n\n\n\n<div class=\"wp-block-column is-vertically-aligned-center has-global-padding is-content-justification-left is-layout-constrained wp-container-core-column-is-layout-12dd3699 wp-block-column-is-layout-constrained\">\n<h3 class=\"wp-block-heading has-text-align-left has-text-color has-suranna-font-family\" style=\"color:#000000;margin-top:0.5rem;margin-bottom:0rem;font-size:clamp(24.034px, 1.502rem + ((1vw - 3.2px) * 1.814), 40px);font-style:normal;font-weight:500;letter-spacing:0px;line-height:1.3\">La Tour : Le Soutien \u00e0 la mise en \u0153uvre<\/h3>\n\n\n\n<hr class=\"wp-block-separator has-alpha-channel-opacity\"\/>\n\n\n\n<p class=\"has-text-color has-link-color has-pontano-sans-font-family wp-elements-06a2b38b9654a8c9cbe171382960049f\" style=\"color:#000000;font-size:clamp(14px, 0.875rem + ((1vw - 3.2px) * 0.455), 18px);\">La tour, solide et protectrice, illustre notre r\u00f4le dans la mise en \u0153uvre de vos projets.<\/p>\n\n\n\n<p class=\"has-text-color has-link-color has-pontano-sans-font-family wp-elements-802a634882d9d61c535ebc773d884886\" style=\"color:#000000;font-size:clamp(14px, 0.875rem + ((1vw - 3.2px) * 0.455), 18px);\">Nous fournissons un accompagnement op\u00e9rationnel rigoureux, incluant la gestion des ressources, la coordination des parties prenantes et l\u2019optimisation des processus.<\/p>\n\n\n\n<p class=\"has-text-color has-link-color has-pontano-sans-font-family wp-elements-32cc2f187be5a39ab23128912e49d048\" style=\"color:#000000;font-size:clamp(14px, 0.875rem + ((1vw - 3.2px) * 0.455), 18px);\">Notre objectif est de garantir que chaque strat\u00e9gie se transforme en succ\u00e8s concret.<\/p>\n\n\n\n<p><\/p>\n\n\n\n<div class=\"wp-block-buttons is-horizontal is-content-justification-left is-layout-flex wp-container-core-buttons-is-layout-324fa30b wp-block-buttons-is-layout-flex\" style=\"margin-top:20px\">\n<div class=\"wp-block-button has-custom-width wp-block-button__width-50 has-custom-font-size is-style-fill\" style=\"font-size:clamp(0.875rem, 0.875rem + ((1vw - 0.2rem) * 0.245), 1.01rem);font-style:normal;font-weight:600;line-height:1.5;text-transform:uppercase\"><a class=\"wp-block-button__link has-text-color has-background wp-element-button\" href=\"https:\/\/allygence.co\/fr\/contact\/\" style=\"border-style:none;border-width:0px;border-radius:30px;color:#fffffd;background-color:#5947fc;padding-top:0.71rem;padding-right:0.31rem;padding-bottom:0.71rem;padding-left:0.31rem\">RENCONTRONS-NOUS<\/a><\/div>\n<\/div>\n<\/div>\n<\/div>\n<\/div>\n<\/div>\n\n\n\n<div class=\"wp-block-group alignfull has-global-padding is-layout-constrained wp-container-core-group-is-layout-4383d167 wp-block-group-is-layout-constrained\">\n<div class=\"wp-block-group alignwide has-global-padding is-layout-constrained wp-container-core-group-is-layout-1be1424c wp-block-group-is-layout-constrained\" style=\"margin-top:0;margin-bottom:0;padding-bottom:100px\">\n<div class=\"wp-block-columns is-layout-flex wp-container-core-columns-is-layout-92515837 wp-block-columns-is-layout-flex\">\n<div class=\"wp-block-column is-vertically-aligned-center has-global-padding is-content-justification-left is-layout-constrained wp-container-core-column-is-layout-12dd3699 wp-block-column-is-layout-constrained\">\n<h3 class=\"wp-block-heading has-text-align-left has-text-color has-suranna-font-family\" style=\"color:#000000;margin-top:0.5rem;margin-bottom:0rem;font-size:clamp(24.034px, 1.502rem + ((1vw - 3.2px) * 1.814), 40px);font-style:normal;font-weight:500;letter-spacing:0px;line-height:1.3\">Le Pion : Le Mentorat des Dirigeants<\/h3>\n\n\n\n<hr class=\"wp-block-separator has-alpha-channel-opacity\"\/>\n\n\n\n<p class=\"has-text-color has-link-color has-pontano-sans-font-family wp-elements-9eec1c243fc7567fbf21eca8610eacfa\" style=\"color:#000000;font-size:clamp(14px, 0.875rem + ((1vw - 3.2px) * 0.455), 18px);\">Enfin, le pion symbolise le potentiel inexploit\u00e9 et l\u2019\u00e9volution progressive.<\/p>\n\n\n\n<p class=\"has-text-color has-link-color has-pontano-sans-font-family wp-elements-dbde884f1eb6826484bb9890a118e59c\" style=\"color:#000000;font-size:clamp(14px, 0.875rem + ((1vw - 3.2px) * 0.455), 18px);\">Nous offrons du mentoring personnalis\u00e9 aux dirigeants pour renforcer leurs comp\u00e9tences d\u00e9cisionnelles et leur leadership. <\/p>\n\n\n\n<p class=\"has-text-color has-link-color has-pontano-sans-font-family wp-elements-fd9f1e5be55b7e368d6376cad83865aa\" style=\"color:#000000;font-size:clamp(14px, 0.875rem + ((1vw - 3.2px) * 0.455), 18px);\">Chaque pas est con\u00e7u pour transformer les d\u00e9fis en opportunit\u00e9s, jusqu\u2019\u00e0 atteindre les sommets.<\/p>\n\n\n\n<p class=\"has-text-color has-link-color has-pontano-sans-font-family wp-elements-835d0cee3a67342cad05cd177bf2b26b\" style=\"color:#000000;font-size:clamp(14px, 0.875rem + ((1vw - 3.2px) * 0.455), 18px);\">Avec cette approche int\u00e9gr\u00e9e et strat\u00e9gique, nous vous aidons \u00e0 avancer sur l\u2019\u00e9chiquier complexe du monde des affaires, un mouvement calcul\u00e9 apr\u00e8s l\u2019autre.<\/p>\n\n\n\n<p class=\"has-text-color has-link-color has-pontano-sans-font-family wp-elements-29f9f40ebe4834ae0d08bd05926f7a29\" style=\"color:#000000;font-size:clamp(14px, 0.875rem + ((1vw - 3.2px) * 0.455), 18px);\">Ensemble, faisons \u00e9chec et mat aux incertitudes !<\/p>\n\n\n\n<p class=\"has-text-color has-link-color has-pontano-sans-font-family wp-elements-4cde5be859da451f26fa1b0bb9f4e45f\" style=\"color:#000000;font-size:clamp(14px, 0.875rem + ((1vw - 3.2px) * 0.455), 18px);\"><\/p>\n\n\n\n<p><\/p>\n\n\n\n<div class=\"wp-block-buttons is-horizontal is-content-justification-left is-layout-flex wp-container-core-buttons-is-layout-324fa30b wp-block-buttons-is-layout-flex\" style=\"margin-top:20px\">\n<div class=\"wp-block-button has-custom-width wp-block-button__width-50 has-custom-font-size is-style-fill\" style=\"font-size:clamp(0.875rem, 0.875rem + ((1vw - 0.2rem) * 0.245), 1.01rem);font-style:normal;font-weight:600;line-height:1.5;text-transform:uppercase\"><a class=\"wp-block-button__link has-text-color has-background wp-element-button\" href=\"https:\/\/allygence.co\/fr\/contact\/\" style=\"border-style:none;border-width:0px;border-radius:30px;color:#fffffd;background-color:#5947fc;padding-top:0.71rem;padding-right:0.31rem;padding-bottom:0.71rem;padding-left:0.31rem\">RENCONTRONS-NOUS<\/a><\/div>\n<\/div>\n<\/div>\n\n\n\n<div class=\"wp-block-column is-layout-flow wp-block-column-is-layout-flow\">\n<figure class=\"wp-block-image alignright size-full has-custom-border is-style-default\"><img loading=\"lazy\" decoding=\"async\" width=\"1282\" height=\"1080\" src=\"https:\/\/allygence.co\/fr\/wp-content\/uploads\/sites\/2\/2025\/02\/Partenariat_5.jpg\" alt=\"\" class=\"wp-image-1183\" style=\"border-radius:30px;aspect-ratio:3\/4;object-fit:cover\" srcset=\"https:\/\/allygence.co\/fr\/wp-content\/uploads\/sites\/2\/2025\/02\/Partenariat_5.jpg 1282w, https:\/\/allygence.co\/fr\/wp-content\/uploads\/sites\/2\/2025\/02\/Partenariat_5-300x253.jpg 300w, https:\/\/allygence.co\/fr\/wp-content\/uploads\/sites\/2\/2025\/02\/Partenariat_5-1024x863.jpg 1024w, https:\/\/allygence.co\/fr\/wp-content\/uploads\/sites\/2\/2025\/02\/Partenariat_5-768x647.jpg 768w\" sizes=\"auto, (max-width: 1282px) 100vw, 1282px\" \/><\/figure>\n<\/div>\n<\/div>\n<\/div>\n<\/div>\n\n\n\n<section class=\"wp-block-cover alignfull\" style=\"margin-top:0px;padding-top:1.01rem;padding-bottom:1.01rem;min-height:520px;aspect-ratio:unset;\"><span aria-hidden=\"true\" class=\"wp-block-cover__background has-black-background-color has-background-dim-30 has-background-dim\"><\/span><img loading=\"lazy\" decoding=\"async\" width=\"1920\" height=\"834\" class=\"wp-block-cover__image-background wp-image-1172\" alt=\"\" src=\"https:\/\/allygence.co\/fr\/wp-content\/uploads\/sites\/2\/2025\/02\/Partenariat_Bas.jpg\" style=\"object-position:100% 100%\" data-object-fit=\"cover\" data-object-position=\"100% 100%\" srcset=\"https:\/\/allygence.co\/fr\/wp-content\/uploads\/sites\/2\/2025\/02\/Partenariat_Bas.jpg 1920w, https:\/\/allygence.co\/fr\/wp-content\/uploads\/sites\/2\/2025\/02\/Partenariat_Bas-300x130.jpg 300w, https:\/\/allygence.co\/fr\/wp-content\/uploads\/sites\/2\/2025\/02\/Partenariat_Bas-1024x445.jpg 1024w, https:\/\/allygence.co\/fr\/wp-content\/uploads\/sites\/2\/2025\/02\/Partenariat_Bas-768x334.jpg 768w, https:\/\/allygence.co\/fr\/wp-content\/uploads\/sites\/2\/2025\/02\/Partenariat_Bas-1536x667.jpg 1536w\" sizes=\"auto, (max-width: 1920px) 100vw, 1920px\" \/><div class=\"wp-block-cover__inner-container has-global-padding is-layout-constrained wp-container-core-cover-is-layout-b1bebcb3 wp-block-cover-is-layout-constrained\">\n<div class=\"wp-block-group has-text-color is-layout-flow wp-block-group-is-layout-flow\" style=\"color:#fffffd;margin-top:0px;padding-top:0rem;padding-right:1rem;padding-bottom:0rem;padding-left:1rem;font-size:clamp(0.875rem, 0.875rem + ((1vw - 0.2rem) * 0.464), 1.13rem);font-style:normal;font-weight:400;line-height:1.4\">\n<div class=\"wp-block-group has-global-padding is-layout-constrained wp-container-core-group-is-layout-bdbfdc43 wp-block-group-is-layout-constrained\">\n<p class=\"has-text-align-center has-text-color\" style=\"color:#ffffff;margin-bottom:0rem;font-size:clamp(24.034px, 1.502rem + ((1vw - 3.2px) * 1.814), 40px);font-style:normal;font-weight:700;line-height:1\">Allygence vous accompagne sur l&rsquo;\u00e9chiquier g\u00e9ant des affaires, o\u00f9 chaque pi\u00e8ce a un r\u00f4le strat\u00e9gique \u00e0 jouer.<\/p>\n<\/div>\n\n\n\n<div class=\"wp-block-group is-vertical is-content-justification-stretch is-layout-flex wp-container-core-group-is-layout-bfdebe91 wp-block-group-is-layout-flex\" style=\"margin-top:1.81rem;padding-right:0px;padding-left:0px\">\n<div class=\"wp-block-group has-global-padding is-content-justification-center is-layout-constrained wp-container-core-group-is-layout-2f0bcb29 wp-block-group-is-layout-constrained\" style=\"margin-top:0px\">\n<div class=\"wp-block-buttons is-horizontal is-content-justification-right is-layout-flex wp-container-core-buttons-is-layout-099266fd wp-block-buttons-is-layout-flex\" style=\"margin-top:0.51rem\">\n<div class=\"wp-block-button has-custom-width wp-block-button__width-100 has-custom-font-size is-style-fill\" style=\"font-size:clamp(0.875rem, 0.875rem + ((1vw - 0.2rem) * 0.245), 1.01rem);font-style:normal;font-weight:600;line-height:1.5;text-transform:uppercase\"><a class=\"wp-block-button__link has-text-color has-background wp-element-button\" href=\"https:\/\/allygence.co\/fr\/contact\/\" style=\"border-style:none;border-width:0px;border-radius:30px;color:#fffffd;background-color:#5947fc;padding-top:0.71rem;padding-right:0.31rem;padding-bottom:0.71rem;padding-left:0.31rem\">RENCONTRONS-NOUS<\/a><\/div>\n<\/div>\n<\/div>\n<\/div>\n<\/div>\n<\/div><\/section>\n\n\n\n<p><\/p>\n","protected":false},"excerpt":{"rendered":"<p>Le Fou : La Vision strat\u00e9gique Le fou, avec sa capacit\u00e9 \u00e0 se d\u00e9placer en diagonale, symbolise notre vision strat\u00e9gique. Nous analysons les tendances du march\u00e9 et anticipons les mouvements futurs pour tracer des trajectoires uniques et innovantes pour votre entreprise. Gr\u00e2ce \u00e0 cette perspective, nous identifions des opportunit\u00e9s d\u2019investissement align\u00e9es avec vos objectifs \u00e0 [&hellip;]<\/p>\n","protected":false},"author":1,"featured_media":0,"parent":0,"menu_order":0,"comment_status":"closed","ping_status":"closed","template":"","meta":{"footnotes":""},"class_list":["post-1165","page","type-page","status-publish","hentry"],"_links":{"self":[{"href":"https:\/\/allygence.co\/fr\/wp-json\/wp\/v2\/pages\/1165","targetHints":{"allow":["GET"]}}],"collection":[{"href":"https:\/\/allygence.co\/fr\/wp-json\/wp\/v2\/pages"}],"about":[{"href":"https:\/\/allygence.co\/fr\/wp-json\/wp\/v2\/types\/page"}],"author":[{"embeddable":true,"href":"https:\/\/allygence.co\/fr\/wp-json\/wp\/v2\/users\/1"}],"replies":[{"embeddable":true,"href":"https:\/\/allygence.co\/fr\/wp-json\/wp\/v2\/comments?post=1165"}],"version-history":[{"count":13,"href":"https:\/\/allygence.co\/fr\/wp-json\/wp\/v2\/pages\/1165\/revisions"}],"predecessor-version":[{"id":1195,"href":"https:\/\/allygence.co\/fr\/wp-json\/wp\/v2\/pages\/1165\/revisions\/1195"}],"wp:attachment":[{"href":"https:\/\/allygence.co\/fr\/wp-json\/wp\/v2\/media?parent=1165"}],"curies":[{"name":"wp","href":"https:\/\/api.w.org\/{rel}","templated":true}]}}