{"id":13,"date":"2024-12-18T15:22:33","date_gmt":"2024-12-18T14:22:33","guid":{"rendered":"https:\/\/allygence.co\/fr\/?page_id=13"},"modified":"2025-01-23T10:04:55","modified_gmt":"2025-01-23T09:04:55","slug":"contact","status":"publish","type":"page","link":"https:\/\/allygence.co\/fr\/contact\/","title":{"rendered":"Contact"},"content":{"rendered":"\n<div class=\"wp-block-cover alignfull\" style=\"padding-top:5px;padding-bottom:5px;min-height:520px;aspect-ratio:unset;\"><span aria-hidden=\"true\" class=\"wp-block-cover__background has-black-background-color has-background-dim-30 has-background-dim\"><\/span><img loading=\"lazy\" decoding=\"async\" width=\"1920\" height=\"1080\" class=\"wp-block-cover__image-background wp-image-754\" alt=\"\" src=\"https:\/\/allygence.co\/fr\/wp-content\/uploads\/sites\/2\/2025\/01\/Contact_Haut.jpg\" style=\"object-position:55% 90%\" data-object-fit=\"cover\" data-object-position=\"55% 90%\" srcset=\"https:\/\/allygence.co\/fr\/wp-content\/uploads\/sites\/2\/2025\/01\/Contact_Haut.jpg 1920w, https:\/\/allygence.co\/fr\/wp-content\/uploads\/sites\/2\/2025\/01\/Contact_Haut-300x169.jpg 300w, https:\/\/allygence.co\/fr\/wp-content\/uploads\/sites\/2\/2025\/01\/Contact_Haut-1024x576.jpg 1024w, https:\/\/allygence.co\/fr\/wp-content\/uploads\/sites\/2\/2025\/01\/Contact_Haut-768x432.jpg 768w, https:\/\/allygence.co\/fr\/wp-content\/uploads\/sites\/2\/2025\/01\/Contact_Haut-1536x864.jpg 1536w\" sizes=\"auto, (max-width: 1920px) 100vw, 1920px\" \/><div class=\"wp-block-cover__inner-container has-global-padding is-layout-constrained wp-container-core-cover-is-layout-82138a84 wp-block-cover-is-layout-constrained\">\n<div class=\"wp-block-group alignwide is-vertical is-content-justification-center is-layout-flex wp-container-core-group-is-layout-5e763914 wp-block-group-is-layout-flex\" style=\"min-height:0rem\">\n<div class=\"wp-block-group has-global-padding is-layout-constrained wp-container-core-group-is-layout-bea02a06 wp-block-group-is-layout-constrained\">\n<h2 class=\"wp-block-heading has-text-align-center has-text-color\" style=\"color:#ffffff;margin-top:0px;margin-bottom:0px;font-size:clamp(46.18px, 2.886rem + ((1vw - 3.2px) * 4.98), 90px);font-style:normal;font-weight:700;line-height:1;text-transform:capitalize\">Rencontrons-Nous<\/h2>\n<\/div>\n<\/div>\n<\/div><\/div>\n\n\n\n<section class=\"wp-block-group alignfull has-text-color has-global-padding is-layout-constrained wp-container-core-group-is-layout-82bba116 wp-block-group-is-layout-constrained\" style=\"color:#03081e;margin-top:0px;padding-top:20px;padding-right:0rem;padding-bottom:20px;padding-left:0rem;font-size:clamp(0.875rem, 0.875rem + ((1vw - 0.2rem) * 0.464), 1.13rem);font-style:normal;font-weight:400;line-height:1.4\">\n<div class=\"wp-block-group alignfull has-text-color has-global-padding is-layout-constrained wp-container-core-group-is-layout-9f6dfefa wp-block-group-is-layout-constrained\" style=\"color:#252525;margin-top:0px;padding-top:0rem;padding-right:1rem;padding-bottom:0rem;padding-left:1rem;font-size:clamp(0.875rem, 0.875rem + ((1vw - 0.2rem) * 0.464), 1.13rem);font-style:normal;font-weight:400;line-height:1.4\">\n<div class=\"wp-block-group alignwide has-global-padding is-layout-constrained wp-block-group-is-layout-constrained\">\n<div class=\"wp-block-group has-global-padding is-layout-constrained wp-block-group-is-layout-constrained\">\n<h2 class=\"wp-block-heading has-text-align-center has-text-color\" style=\"color:#171d28;margin-bottom:0.51rem;font-size:clamp(1.307rem, 1.307rem + ((1vw - 0.2rem) * 1.46), 2.11rem);font-style:normal;font-weight:500;line-height:1.2\">Formulaire de contact<\/h2>\n\n\n\n<p class=\"has-text-align-center has-text-color\" style=\"color:#575763;margin-top:0rem;font-size:clamp(0.875rem, 0.875rem + ((1vw - 0.2rem) * 0.064), 0.91rem);font-style:normal;font-weight:400;line-height:1.5\">Contactez-nous d\u00e8s aujourd\u2019hui et commencez \u00e0 transformer votre vision d\u2019entreprise en r\u00e9alit\u00e9&nbsp;!<\/p>\n\n\n<style id=\"wpforms-css-vars-143-block-15e41f3c-1455-4730-a4dc-f0255477cab8\">\n\t\t\t\t#wpforms-143.wpforms-block-15e41f3c-1455-4730-a4dc-f0255477cab8 {\n\t\t\t\t--wpforms-field-border-radius: 10px;\n--wpforms-field-border-color: #00000040;\n--wpforms-field-border-color-spare: #00000040;\n--wpforms-field-text-color: #000000b3;\n--wpforms-button-border-style: solid;\n--wpforms-button-border-radius: 10px;\n--wpforms-button-background-color: #5947fc;\n--wpforms-button-border-color: #5947fc;\n--wpforms-field-size-input-height: 43px;\n--wpforms-field-size-input-spacing: 15px;\n--wpforms-field-size-font-size: 16px;\n--wpforms-field-size-line-height: 19px;\n--wpforms-field-size-padding-h: 14px;\n--wpforms-field-size-checkbox-size: 16px;\n--wpforms-field-size-sublabel-spacing: 5px;\n--wpforms-field-size-icon-size: 1;\n--wpforms-label-size-font-size: 16px;\n--wpforms-label-size-line-height: 19px;\n--wpforms-label-size-sublabel-font-size: 14px;\n--wpforms-label-size-sublabel-line-height: 17px;\n--wpforms-button-size-font-size: 17px;\n--wpforms-button-size-height: 41px;\n--wpforms-button-size-padding-h: 15px;\n--wpforms-button-size-margin-top: 10px;\n\t\t\t}\n\t\t\t<\/style><div class=\"wpforms-container wpforms-container-full wpforms-block wpforms-block-15e41f3c-1455-4730-a4dc-f0255477cab8 wpforms-render-modern\" id=\"wpforms-143\"><form id=\"wpforms-form-143\" class=\"wpforms-validate wpforms-form wpforms-ajax-form\" data-formid=\"143\" method=\"post\" enctype=\"multipart\/form-data\" action=\"\/fr\/wp-json\/wp\/v2\/pages\/13\" data-token=\"44de1e4e739cff07c6a023e4251ed829\" data-token-time=\"1775248620\"><noscript class=\"wpforms-error-noscript\">Veuillez activer JavaScript dans votre navigateur pour remplir ce formulaire.<\/noscript><div id=\"wpforms-error-noscript\" style=\"display: none;\">Veuillez activer JavaScript dans votre navigateur pour remplir ce formulaire.<\/div><div class=\"wpforms-field-container\"><div id=\"wpforms-143-field_1-container\" class=\"wpforms-field wpforms-field-name\" data-field-id=\"1\"><fieldset><legend class=\"wpforms-field-label\">Nom <span class=\"wpforms-required-label\" aria-hidden=\"true\">*<\/span><\/legend><div class=\"wpforms-field-row wpforms-field-large\"><div class=\"wpforms-field-row-block wpforms-first wpforms-one-half\"><input type=\"text\" id=\"wpforms-143-field_1\" class=\"wpforms-field-name-first wpforms-field-required\" name=\"wpforms[fields][1][first]\" placeholder=\"Pr\u00e9nom\" aria-errormessage=\"wpforms-143-field_1-error\" required><label for=\"wpforms-143-field_1\" class=\"wpforms-field-sublabel after wpforms-sublabel-hide\">Pr\u00e9nom<\/label><\/div><div class=\"wpforms-field-row-block wpforms-one-half\"><input type=\"text\" id=\"wpforms-143-field_1-last\" class=\"wpforms-field-name-last wpforms-field-required\" name=\"wpforms[fields][1][last]\" placeholder=\"Nom\" aria-errormessage=\"wpforms-143-field_1-last-error\" required><label for=\"wpforms-143-field_1-last\" class=\"wpforms-field-sublabel after wpforms-sublabel-hide\">Nom<\/label><\/div><\/div><\/fieldset><\/div><div id=\"wpforms-143-field_6-container\" class=\"wpforms-field wpforms-field-text\" data-field-id=\"6\"><label class=\"wpforms-field-label\" for=\"wpforms-143-field_6\">Soci\u00e9t\u00e9 <span class=\"wpforms-required-label\" aria-hidden=\"true\">*<\/span><\/label><input type=\"text\" id=\"wpforms-143-field_6\" class=\"wpforms-field-large wpforms-field-required\" name=\"wpforms[fields][6]\" placeholder=\"Soci\u00e9t\u00e9\" aria-errormessage=\"wpforms-143-field_6-error\" required><\/div><div id=\"wpforms-143-field_7-container\" class=\"wpforms-field wpforms-field-text\" data-field-id=\"7\"><label class=\"wpforms-field-label\" for=\"wpforms-143-field_7\">Fonction <span class=\"wpforms-required-label\" aria-hidden=\"true\">*<\/span><\/label><input type=\"text\" id=\"wpforms-143-field_7\" class=\"wpforms-field-large wpforms-field-required\" name=\"wpforms[fields][7]\" placeholder=\"Fonction\" aria-errormessage=\"wpforms-143-field_7-error\" required><\/div><div id=\"wpforms-143-field_2-container\" class=\"wpforms-field wpforms-field-email\" data-field-id=\"2\"><fieldset><legend class=\"wpforms-field-label\">E-mail <span class=\"wpforms-required-label\" aria-hidden=\"true\">*<\/span><\/legend><div class=\"wpforms-field-row wpforms-field-large\"><div class=\"wpforms-field-row-block wpforms-one-half wpforms-first\"><input type=\"email\" id=\"wpforms-143-field_2\" class=\"wpforms-field-required wpforms-field-email-primary\" name=\"wpforms[fields][2][primary]\" placeholder=\"E-Mail\" spellcheck=\"false\" aria-errormessage=\"wpforms-143-field_2-error\" required><label for=\"wpforms-143-field_2\" class=\"wpforms-field-sublabel after wpforms-sublabel-hide\">E-mail<\/label><\/div><div class=\"wpforms-field-row-block wpforms-one-half\"><input type=\"email\" id=\"wpforms-143-field_2-secondary\" class=\"wpforms-field-email-secondary wpforms-field-required\" data-rule-confirm=\"#wpforms-143-field_2\" name=\"wpforms[fields][2][secondary]\" placeholder=\"Confirmez l&#039;e-mail\" spellcheck=\"false\" aria-errormessage=\"wpforms-143-field_2-secondary-error\" required><label for=\"wpforms-143-field_2-secondary\" class=\"wpforms-field-sublabel after wpforms-sublabel-hide\">Confirmez l\u2019e-mail<\/label><\/div><\/div><\/fieldset><\/div><div id=\"wpforms-143-field_5-container\" class=\"wpforms-field wpforms-field-checkbox\" data-field-id=\"5\"><fieldset><legend class=\"wpforms-field-label\">Vos Attentes <span class=\"wpforms-required-label\" aria-hidden=\"true\">*<\/span><\/legend><ul id=\"wpforms-143-field_5\" class=\"wpforms-field-required wpforms-image-choices wpforms-image-choices-classic\"><li class=\"choice-3 depth-1 wpforms-image-choices-item\"><label class=\"wpforms-field-label-inline\" for=\"wpforms-143-field_5_3\" tabindex=\"0\"><span class=\"wpforms-image-choices-image\"><img decoding=\"async\" src=\"https:\/\/allygence.co\/fr\/wp-content\/uploads\/sites\/2\/2025\/01\/Services_2_Thumbnail_Wpform.jpg\" alt=\"Vision Strat\u00e9gique\" title=\"Vision Strat\u00e9gique\"><\/span><input type=\"checkbox\" id=\"wpforms-143-field_5_3\" class=\"wpforms-screen-reader-element\" name=\"wpforms[fields][5][]\" value=\"Vision Strat\u00e9gique\" aria-errormessage=\"wpforms-143-field_5_3-error\" tabindex=\"-1\" required ><span class=\"wpforms-image-choices-label\">Vision Strat\u00e9gique<\/span><\/label><\/li><li class=\"choice-5 depth-1 wpforms-image-choices-item\"><label class=\"wpforms-field-label-inline\" for=\"wpforms-143-field_5_5\" tabindex=\"0\"><span class=\"wpforms-image-choices-image\"><img decoding=\"async\" src=\"https:\/\/allygence.co\/fr\/wp-content\/uploads\/sites\/2\/2025\/01\/Services_3_Thumbnail_Wpform.jpg\" alt=\"Options d&#039;Investissements\" title=\"Options d&#039;Investissements\"><\/span><input type=\"checkbox\" id=\"wpforms-143-field_5_5\" class=\"wpforms-screen-reader-element\" name=\"wpforms[fields][5][]\" value=\"Options d&#039;Investissements\" aria-errormessage=\"wpforms-143-field_5_5-error\" tabindex=\"-1\" required ><span class=\"wpforms-image-choices-label\">Options d&rsquo;Investissements<\/span><\/label><\/li><li class=\"choice-4 depth-1 wpforms-image-choices-item\"><label class=\"wpforms-field-label-inline\" for=\"wpforms-143-field_5_4\" tabindex=\"0\"><span class=\"wpforms-image-choices-image\"><img decoding=\"async\" src=\"https:\/\/allygence.co\/fr\/wp-content\/uploads\/sites\/2\/2025\/01\/Services_4_Thumbnail_Wpform.jpg\" alt=\"Assistance \u00e0 la Mise en OEuvre\" title=\"Assistance \u00e0 la Mise en OEuvre\"><\/span><input type=\"checkbox\" id=\"wpforms-143-field_5_4\" class=\"wpforms-screen-reader-element\" name=\"wpforms[fields][5][]\" value=\"Assistance \u00e0 la Mise en OEuvre\" aria-errormessage=\"wpforms-143-field_5_4-error\" tabindex=\"-1\" required ><span class=\"wpforms-image-choices-label\">Assistance \u00e0 la Mise en OEuvre<\/span><\/label><\/li><\/ul><\/fieldset><\/div>\t\t<div id=\"wpforms-143-field_4-container\"\n\t\t\tclass=\"wpforms-field wpforms-field-text\"\n\t\t\tdata-field-type=\"text\"\n\t\t\tdata-field-id=\"4\"\n\t\t\t>\n\t\t\t<label class=\"wpforms-field-label\" for=\"wpforms-143-field_4\" >Attentes RGPD Nom<\/label>\n\t\t\t<input type=\"text\" id=\"wpforms-143-field_4\" class=\"wpforms-field-medium\" name=\"wpforms[fields][4]\" >\n\t\t<\/div>\n\t\t<div id=\"wpforms-143-field_3-container\" class=\"wpforms-field wpforms-field-textarea\" data-field-id=\"3\"><label class=\"wpforms-field-label\" for=\"wpforms-143-field_3\">Message <span class=\"wpforms-required-label\" aria-hidden=\"true\">*<\/span><\/label><textarea id=\"wpforms-143-field_3\" class=\"wpforms-field-medium wpforms-field-required\" name=\"wpforms[fields][3]\" aria-errormessage=\"wpforms-143-field_3-error\" required><\/textarea><\/div><div id=\"wpforms-143-field_8-container\" class=\"wpforms-field wpforms-field-gdpr-checkbox\" data-field-id=\"8\"><label class=\"wpforms-field-label\">Accord RGPD <span class=\"wpforms-required-label\" aria-hidden=\"true\">*<\/span><\/label><ul id=\"wpforms-143-field_8\" class=\"wpforms-field-required\"><li class=\"choice-1\"><input type=\"checkbox\" id=\"wpforms-143-field_8_1\" name=\"wpforms[fields][8][]\" value=\"Je consens \u00e0 ce que ce site stocke mes informations envoy\u00e9es afin qu\u2019ils puissent r\u00e9pondre \u00e0 ma requ\u00eate.\" aria-errormessage=\"wpforms-143-field_8_1-error\" required ><label class=\"wpforms-field-label-inline\" for=\"wpforms-143-field_8_1\">Je consens \u00e0 ce que ce site stocke mes informations envoy\u00e9es afin qu\u2019ils puissent r\u00e9pondre \u00e0 ma requ\u00eate.<\/label><\/li><\/ul><\/div><script>\n\t\t\t\t( function() {\n\t\t\t\t\tconst style = document.createElement( 'style' );\n\t\t\t\t\tstyle.appendChild( document.createTextNode( '#wpforms-143-field_4-container { position: absolute !important; overflow: hidden !important; display: inline !important; height: 1px !important; width: 1px !important; z-index: -1000 !important; padding: 0 !important; } #wpforms-143-field_4-container input { visibility: hidden; } #wpforms-conversational-form-page #wpforms-143-field_4-container label { counter-increment: none; }' ) );\n\t\t\t\t\tdocument.head.appendChild( style );\n\t\t\t\t\tdocument.currentScript?.remove();\n\t\t\t\t} )();\n\t\t\t<\/script><\/div><!-- .wpforms-field-container --><div class=\"wpforms-recaptcha-container wpforms-is-recaptcha wpforms-is-recaptcha-type-invisible\" ><div class=\"g-recaptcha\" data-sitekey=\"6LdjQcAqAAAAAFUbJyHV9j2tgIuvc2aJjf8fVWoO\" data-size=\"invisible\"><\/div><\/div><div class=\"wpforms-submit-container\" ><input type=\"hidden\" name=\"wpforms[id]\" value=\"143\"><input type=\"hidden\" name=\"page_title\" value=\"\"><input type=\"hidden\" name=\"page_url\" value=\"https:\/\/allygence.co\/fr\/wp-json\/wp\/v2\/pages\/13\"><input type=\"hidden\" name=\"url_referer\" value=\"\"><button type=\"submit\" name=\"wpforms[submit]\" id=\"wpforms-submit-143\" class=\"wpforms-submit\" data-alt-text=\"Envoi...\" data-submit-text=\"Envoyer\" aria-live=\"assertive\" value=\"wpforms-submit\">Envoyer<\/button><img loading=\"lazy\" decoding=\"async\" src=\"https:\/\/allygence.co\/fr\/wp-content\/plugins\/wpforms-lite\/assets\/images\/submit-spin.svg\" class=\"wpforms-submit-spinner\" style=\"display: none;\" width=\"26\" height=\"26\" alt=\"Chargement en cours\"><\/div><\/form><\/div>  <!-- .wpforms-container --><\/div>\n<\/div>\n<\/div>\n<\/section>\n\n\n\n<section class=\"wp-block-cover alignfull has-custom-content-position is-position-top-center\" style=\"margin-top:0px;margin-bottom:0;padding-top:0rem;padding-bottom:0px;padding-left:0;min-height:430px;aspect-ratio:unset;\"><span aria-hidden=\"true\" class=\"wp-block-cover__background has-black-background-color has-background-dim-30 has-background-dim\"><\/span><img loading=\"lazy\" decoding=\"async\" width=\"1920\" height=\"1328\" class=\"wp-block-cover__image-background wp-image-119\" alt=\"\" src=\"https:\/\/allygence.co\/fr\/wp-content\/uploads\/sites\/2\/2024\/12\/Contact_Bas.jpg\" style=\"object-position:50% 25%\" data-object-fit=\"cover\" data-object-position=\"50% 25%\" srcset=\"https:\/\/allygence.co\/fr\/wp-content\/uploads\/sites\/2\/2024\/12\/Contact_Bas.jpg 1920w, https:\/\/allygence.co\/fr\/wp-content\/uploads\/sites\/2\/2024\/12\/Contact_Bas-300x208.jpg 300w, https:\/\/allygence.co\/fr\/wp-content\/uploads\/sites\/2\/2024\/12\/Contact_Bas-1024x708.jpg 1024w, https:\/\/allygence.co\/fr\/wp-content\/uploads\/sites\/2\/2024\/12\/Contact_Bas-768x531.jpg 768w, https:\/\/allygence.co\/fr\/wp-content\/uploads\/sites\/2\/2024\/12\/Contact_Bas-1536x1062.jpg 1536w\" sizes=\"auto, (max-width: 1920px) 100vw, 1920px\" \/><div class=\"wp-block-cover__inner-container is-layout-flow wp-container-core-cover-is-layout-7a72c8dd wp-block-cover-is-layout-flow\">\n<p class=\"has-text-align-center has-large-font-size\"><\/p>\n<\/div><\/section>\n\n\n\n<p><\/p>\n","protected":false},"excerpt":{"rendered":"<p>Formulaire de contact Contactez-nous d\u00e8s aujourd\u2019hui et commencez \u00e0 transformer votre vision d\u2019entreprise en r\u00e9alit\u00e9&nbsp;!<\/p>\n","protected":false},"author":1,"featured_media":0,"parent":0,"menu_order":0,"comment_status":"closed","ping_status":"closed","template":"","meta":{"footnotes":""},"class_list":["post-13","page","type-page","status-publish","hentry"],"_links":{"self":[{"href":"https:\/\/allygence.co\/fr\/wp-json\/wp\/v2\/pages\/13","targetHints":{"allow":["GET"]}}],"collection":[{"href":"https:\/\/allygence.co\/fr\/wp-json\/wp\/v2\/pages"}],"about":[{"href":"https:\/\/allygence.co\/fr\/wp-json\/wp\/v2\/types\/page"}],"author":[{"embeddable":true,"href":"https:\/\/allygence.co\/fr\/wp-json\/wp\/v2\/users\/1"}],"replies":[{"embeddable":true,"href":"https:\/\/allygence.co\/fr\/wp-json\/wp\/v2\/comments?post=13"}],"version-history":[{"count":0,"href":"https:\/\/allygence.co\/fr\/wp-json\/wp\/v2\/pages\/13\/revisions"}],"wp:attachment":[{"href":"https:\/\/allygence.co\/fr\/wp-json\/wp\/v2\/media?parent=13"}],"curies":[{"name":"wp","href":"https:\/\/api.w.org\/{rel}","templated":true}]}}