{"id":9,"date":"2024-12-18T15:22:20","date_gmt":"2024-12-18T14:22:20","guid":{"rendered":"https:\/\/allygence.co\/fr\/?page_id=9"},"modified":"2025-02-14T13:36:16","modified_gmt":"2025-02-14T12:36:16","slug":"a-propos","status":"publish","type":"page","link":"https:\/\/allygence.co\/fr\/a-propos\/","title":{"rendered":"A propos"},"content":{"rendered":"\n<div class=\"wp-block-cover alignfull\" style=\"margin-top:0;margin-bottom:0;padding-top:5px;padding-bottom:5px;min-height:520px;aspect-ratio:unset;\"><span aria-hidden=\"true\" class=\"wp-block-cover__background has-background-dim-30 has-background-dim wp-block-cover__gradient-background has-background-gradient\" style=\"background:linear-gradient(180deg,rgb(255,255,255) 0%,rgb(0,0,0) 98%)\"><\/span><img loading=\"lazy\" decoding=\"async\" width=\"1920\" height=\"1080\" class=\"wp-block-cover__image-background wp-image-744\" alt=\"\" src=\"https:\/\/allygence.co\/fr\/wp-content\/uploads\/sites\/2\/2025\/01\/A_Propos_Haut.jpg\" data-object-fit=\"cover\" srcset=\"https:\/\/allygence.co\/fr\/wp-content\/uploads\/sites\/2\/2025\/01\/A_Propos_Haut.jpg 1920w, https:\/\/allygence.co\/fr\/wp-content\/uploads\/sites\/2\/2025\/01\/A_Propos_Haut-300x169.jpg 300w, https:\/\/allygence.co\/fr\/wp-content\/uploads\/sites\/2\/2025\/01\/A_Propos_Haut-1024x576.jpg 1024w, https:\/\/allygence.co\/fr\/wp-content\/uploads\/sites\/2\/2025\/01\/A_Propos_Haut-768x432.jpg 768w, https:\/\/allygence.co\/fr\/wp-content\/uploads\/sites\/2\/2025\/01\/A_Propos_Haut-1536x864.jpg 1536w\" sizes=\"auto, (max-width: 1920px) 100vw, 1920px\" \/><div class=\"wp-block-cover__inner-container has-global-padding is-layout-constrained wp-container-core-cover-is-layout-ffcd02c7 wp-block-cover-is-layout-constrained\">\n<div class=\"wp-block-group alignwide is-vertical is-content-justification-left is-layout-flex wp-container-core-group-is-layout-b21d21b4 wp-block-group-is-layout-flex\" style=\"min-height:500px\">\n<div class=\"wp-block-group has-global-padding is-layout-constrained wp-container-core-group-is-layout-bea02a06 wp-block-group-is-layout-constrained\">\n<h2 class=\"wp-block-heading has-text-align-left has-text-color\" style=\"color:#171d28;margin-bottom:0px;padding-bottom:30px;font-size:clamp(46.18px, 2.886rem + ((1vw - 3.2px) * 4.98), 90px);font-style:normal;font-weight:700;line-height:1\">Transcender l&rsquo;ordre existant&#8230;<\/h2>\n\n\n\n<p class=\"has-text-align-left has-text-color\" style=\"color:#ffffff;margin-top:0;margin-right:0;margin-bottom:0;margin-left:0;padding-top:20px;padding-right:0;padding-bottom:0;padding-left:0;font-size:clamp(18.959px, 1.185rem + ((1vw - 3.2px) * 1.255), 30px);font-style:normal;font-weight:700;line-height:1\">&#8230;c&rsquo;est donner vie \u00e0 de nouvelles visions<\/p>\n\n\n\n<div class=\"wp-block-group is-vertical is-content-justification-stretch is-layout-flex wp-container-core-group-is-layout-53ad70e0 wp-block-group-is-layout-flex\" style=\"margin-top:1.61rem;padding-right:0px;padding-left:0px\">\n<div class=\"wp-block-group has-global-padding is-content-justification-left is-layout-constrained wp-container-core-group-is-layout-a938e025 wp-block-group-is-layout-constrained\" style=\"margin-top:0px\">\n<div class=\"wp-block-buttons is-horizontal is-content-justification-right is-layout-flex wp-container-core-buttons-is-layout-099266fd wp-block-buttons-is-layout-flex\" style=\"margin-top:0.51rem\">\n<div class=\"wp-block-button has-custom-width wp-block-button__width-100 has-custom-font-size is-style-fill\" style=\"font-size:clamp(0.875rem, 0.875rem + ((1vw - 0.2rem) * 0.245), 1.01rem);font-style:normal;font-weight:600;line-height:1.5;text-transform:capitalize\"><a class=\"wp-block-button__link has-text-color has-background wp-element-button\" href=\"https:\/\/allygence.co\/fr\/services\/\" style=\"border-style:none;border-width:0px;border-radius:30px;color:#fffffd;background-color:#5947fc;padding-top:0.71rem;padding-right:0.31rem;padding-bottom:0.71rem;padding-left:0.31rem\">PARCOURS COMPLET<\/a><\/div>\n<\/div>\n<\/div>\n<\/div>\n<\/div>\n<\/div>\n<\/div><\/div>\n\n\n\n<section class=\"wp-block-group alignfull has-global-padding is-layout-constrained wp-container-core-group-is-layout-608bbd49 wp-block-group-is-layout-constrained\" style=\"margin-top:0px;padding-top:6rem;padding-right:1rem;padding-bottom:5rem;padding-left:1rem;font-size:clamp(0.875rem, 0.875rem + ((1vw - 0.2rem) * 0.464), 1.13rem);font-style:normal;font-weight:400;line-height:1.4\">\n<div class=\"wp-block-columns is-layout-flex wp-container-core-columns-is-layout-03ad6a19 wp-block-columns-is-layout-flex\" style=\"margin-bottom:0px\">\n<div class=\"wp-block-column is-vertically-aligned-center is-layout-flow wp-block-column-is-layout-flow\" style=\"flex-basis:50%\">\n<figure class=\"wp-block-image alignleft size-full has-custom-border\"><img loading=\"lazy\" decoding=\"async\" width=\"1920\" height=\"2090\" src=\"https:\/\/allygence.co\/fr\/wp-content\/uploads\/sites\/2\/2024\/12\/A_Propos_2.jpg\" alt=\"\" class=\"wp-image-65\" style=\"border-radius:30px;aspect-ratio:3\/4;object-fit:cover\" srcset=\"https:\/\/allygence.co\/fr\/wp-content\/uploads\/sites\/2\/2024\/12\/A_Propos_2.jpg 1920w, https:\/\/allygence.co\/fr\/wp-content\/uploads\/sites\/2\/2024\/12\/A_Propos_2-276x300.jpg 276w, https:\/\/allygence.co\/fr\/wp-content\/uploads\/sites\/2\/2024\/12\/A_Propos_2-941x1024.jpg 941w, https:\/\/allygence.co\/fr\/wp-content\/uploads\/sites\/2\/2024\/12\/A_Propos_2-768x836.jpg 768w, https:\/\/allygence.co\/fr\/wp-content\/uploads\/sites\/2\/2024\/12\/A_Propos_2-1411x1536.jpg 1411w, https:\/\/allygence.co\/fr\/wp-content\/uploads\/sites\/2\/2024\/12\/A_Propos_2-1881x2048.jpg 1881w\" sizes=\"auto, (max-width: 1920px) 100vw, 1920px\" \/><\/figure>\n<\/div>\n\n\n\n<div class=\"wp-block-column is-vertically-aligned-center has-global-padding is-layout-constrained wp-container-core-column-is-layout-c4a7d96a wp-block-column-is-layout-constrained\" style=\"flex-basis:50%\">\n<h3 class=\"wp-block-heading has-text-align-left has-text-color has-suranna-font-family\" style=\"color:#000000;margin-top:0.5rem;margin-bottom:0rem;font-size:clamp(24.034px, 1.502rem + ((1vw - 3.2px) * 1.814), 40px);font-style:normal;font-weight:500;letter-spacing:0px;line-height:1.3\">Notre engagement envers votre r\u00e9ussite et votre transformation<\/h3>\n\n\n\n<p class=\"has-text-align-left has-text-color has-pontano-sans-font-family\" style=\"color:#000000;margin-top:20px;margin-bottom:20px;font-size:clamp(14px, 0.875rem + ((1vw - 3.2px) * 0.455), 18px);font-style:normal;font-weight:400;line-height:1.5\">Chez Allygence, nous croyons au pouvoir de la transformation. Notre objectif est de guider les entreprises dans leur parcours d\u2019investissement et de d\u00e9veloppement de capitaux. Nous commen\u00e7ons par vous aider \u00e0 fa\u00e7onner une vision claire, puis nous explorons les meilleures options d\u2019investissement adapt\u00e9es \u00e0 vos besoins. Notre \u00e9quipe travaille \u00e0 vos c\u00f4t\u00e9s pour assurer une mise en \u0153uvre fluide et une prise de d\u00e9cision efficace. De plus, nous proposons un mentorat aux chefs d\u2019entreprise, leur permettant de prosp\u00e9rer. Ensemble, nous transformons les id\u00e9es en r\u00e9alit\u00e9, ouvrant la voie \u00e0 un avenir plus prosp\u00e8re et plus durable.<\/p>\n\n\n\n<div class=\"wp-block-buttons is-horizontal is-content-justification-left is-layout-flex wp-container-core-buttons-is-layout-2c34cf1c wp-block-buttons-is-layout-flex\" style=\"margin-top:0.51rem\">\n<div class=\"wp-block-button has-custom-width wp-block-button__width-50 has-custom-font-size is-style-fill\" style=\"font-size:clamp(0.875rem, 0.875rem + ((1vw - 0.2rem) * 0.245), 1.01rem);font-style:normal;font-weight:600;line-height:1.5;text-transform:uppercase\"><a class=\"wp-block-button__link has-text-color has-background wp-element-button\" href=\"https:\/\/allygence.co\/fr\/services\/\" style=\"border-style:none;border-width:0px;border-radius:30px;color:#fffffd;background-color:#5947fc;padding-top:0.71rem;padding-right:0.31rem;padding-bottom:0.71rem;padding-left:0.31rem\">PARCOURS COMPLET<\/a><\/div>\n<\/div>\n<\/div>\n<\/div>\n<\/section>\n\n\n\n<div class=\"wp-block-cover alignfull has-text-color has-link-color wp-elements-db5f09a7e13127ac7a5043d7bda18ae9\" style=\"color:#ffffff;padding-top:6rem;padding-bottom:6rem\"><span aria-hidden=\"true\" class=\"wp-block-cover__background has-background-dim-100 has-background-dim\" style=\"background-color:#171d28\"><\/span><div class=\"wp-block-cover__inner-container has-global-padding is-layout-constrained wp-container-core-cover-is-layout-5cbdda46 wp-block-cover-is-layout-constrained\">\n<h2 class=\"wp-block-heading has-text-align-center has-text-color has-link-color has-suranna-font-family wp-elements-9bc2b379e07c89677d04f7d4235d6925\" style=\"color:#fefefe;font-size:clamp(24.034px, 1.502rem + ((1vw - 3.2px) * 1.814), 40px);font-style:normal;font-weight:500;letter-spacing:1px\">Notre parcours vers l\u2019excellence en mati\u00e8re de soutien aux entreprises<\/h2>\n\n\n\n<p class=\"has-text-align-center has-text-color has-link-color wp-elements-cc8d5622eab36462cb240943ee6dcd1a\" style=\"color:#fefefe;font-size:clamp(14px, 0.875rem + ((1vw - 3.2px) * 0.455), 18px);\">Notre parcours a commenc\u00e9 avec une id\u00e9e simple : permettre aux entreprises d\u2019atteindre leur plein potentiel. Fond\u00e9e par une \u00e9quipe d\u2019experts passionn\u00e9s, Allygence a \u00e9t\u00e9 cr\u00e9\u00e9e pour combler le foss\u00e9 entre la vision et la r\u00e9alit\u00e9 dans le monde de l\u2019investissement en capital et de la transformation des entreprises. Au fil des ans, nous avons acquis une r\u00e9putation pour notre approche pratique et notre capacit\u00e9 \u00e0 appr\u00e9hender les enjeux de chaque march\u00e9. Chaque partenariat que nous formons est bas\u00e9 sur la confiance et la collaboration. Nous avons aid\u00e9 d\u2019innombrables entreprises \u00e0 relever des d\u00e9fis et \u00e0 saisir des opportunit\u00e9s. Aujourd\u2019hui, nous sommes fiers de nous pr\u00e9senter comme un leader du soutien op\u00e9rationnel, d\u00e9termin\u00e9 \u00e0 vous guider \u00e0 chaque \u00e9tape vers un avenir prosp\u00e8re et durable.<\/p>\n\n\n\n<div class=\"wp-block-buttons is-horizontal is-content-justification-center is-nowrap is-layout-flex wp-container-core-buttons-is-layout-53e14567 wp-block-buttons-is-layout-flex\" style=\"margin-top:30px\">\n<div class=\"wp-block-button has-custom-width wp-block-button__width-50 has-custom-font-size is-style-fill\" style=\"font-size:clamp(0.875rem, 0.875rem + ((1vw - 0.2rem) * 0.245), 1.01rem);font-style:normal;font-weight:600;line-height:1.5;text-transform:uppercase\"><a class=\"wp-block-button__link has-text-color has-background wp-element-button\" href=\"https:\/\/allygence.co\/fr\/services\/\" style=\"border-style:none;border-width:0px;border-radius:30px;color:#fffffd;background-color:#5947fc;padding-top:0.71rem;padding-right:0.31rem;padding-bottom:0.71rem;padding-left:0.31rem\">PARCOURS COMPLET<\/a><\/div>\n<\/div>\n<\/div><\/div>\n\n\n\n<section class=\"wp-block-group alignfull has-global-padding is-layout-constrained wp-container-core-group-is-layout-8202059b wp-block-group-is-layout-constrained\" style=\"margin-top:0px;padding-top:6rem;padding-right:1rem;padding-bottom:6rem;padding-left:1rem;font-size:clamp(0.875rem, 0.875rem + ((1vw - 0.2rem) * 0.464), 1.13rem);font-style:normal;font-weight:400;line-height:1.4\">\n<div class=\"wp-block-columns is-layout-flex wp-container-core-columns-is-layout-03ad6a19 wp-block-columns-is-layout-flex\" style=\"margin-bottom:0px\">\n<div class=\"wp-block-column is-vertically-aligned-center has-global-padding is-layout-constrained wp-container-core-column-is-layout-c4a7d96a wp-block-column-is-layout-constrained\" style=\"flex-basis:50%\">\n<h3 class=\"wp-block-heading has-text-align-left has-text-color has-suranna-font-family\" style=\"color:#010101;margin-top:0.5rem;margin-bottom:0rem;font-size:clamp(24.034px, 1.502rem + ((1vw - 3.2px) * 1.814), 40px);font-style:normal;font-weight:500;letter-spacing:0px;line-height:1.3\">Nos Principes Fondamentaux<\/h3>\n\n\n\n<p class=\"has-text-align-left has-text-color has-pontano-sans-font-family\" style=\"color:#010101;margin-top:20px;margin-bottom:20px;font-size:clamp(14px, 0.875rem + ((1vw - 3.2px) * 0.455), 18px);font-style:normal;font-weight:400;line-height:1.5\">Chez Allygence, nous respectons les principes qui guident tout ce que nous faisons. L\u2019int\u00e9grit\u00e9 est au c\u0153ur de nos pr\u00e9occupations. Nous croyons en une communication honn\u00eate et en la confiance. La collaboration est essentielle. Nous travaillons en \u00e9troite collaboration avec vous pour comprendre vos besoins et vos aspirations uniques. L\u2019innovation nous motive. Nous adoptons de nouvelles id\u00e9es et solutions pour relever les d\u00e9fis de mani\u00e8re cr\u00e9ative. L\u2019autonomisation est essentielle. Nous encourageons les dirigeants et les \u00e9quipes \u00e0 atteindre leurs objectifs. Enfin, nous nous engageons \u00e0 l\u2019excellence. Nous nous effor\u00e7ons d\u2019atteindre les normes les plus \u00e9lev\u00e9es dans chaque projet. Ensemble, ces principes garantissent que nous fournissons un soutien et des conseils exceptionnels pour votre parcours professionnel.<\/p>\n\n\n\n<div class=\"wp-block-buttons is-horizontal is-content-justification-center is-nowrap is-layout-flex wp-container-core-buttons-is-layout-a9e1da57 wp-block-buttons-is-layout-flex\" style=\"margin-top:0.51rem\">\n<div class=\"wp-block-button has-custom-width wp-block-button__width-50 has-custom-font-size is-style-fill\" style=\"font-size:clamp(0.875rem, 0.875rem + ((1vw - 0.2rem) * 0.245), 1.01rem);font-style:normal;font-weight:600;line-height:1.5;text-transform:uppercase\"><a class=\"wp-block-button__link has-text-color has-background wp-element-button\" href=\"https:\/\/allygence.co\/fr\/services\/\" style=\"border-style:none;border-width:0px;border-radius:30px;color:#fffffd;background-color:#5947fc;padding-top:0.71rem;padding-right:0.31rem;padding-bottom:0.71rem;padding-left:0.31rem\">PARCOURS COMPLET<\/a><\/div>\n<\/div>\n<\/div>\n\n\n\n<div class=\"wp-block-column is-vertically-aligned-center is-layout-flow wp-block-column-is-layout-flow\" style=\"flex-basis:50%\">\n<figure class=\"wp-block-image alignright size-full has-custom-border\"><img loading=\"lazy\" decoding=\"async\" width=\"1920\" height=\"1277\" src=\"https:\/\/allygence.co\/fr\/wp-content\/uploads\/sites\/2\/2024\/12\/A_Propos_3.jpg\" alt=\"\" class=\"wp-image-71\" style=\"border-style:none;border-width:0px;border-radius:30px;aspect-ratio:3\/4;object-fit:cover\" srcset=\"https:\/\/allygence.co\/fr\/wp-content\/uploads\/sites\/2\/2024\/12\/A_Propos_3.jpg 1920w, https:\/\/allygence.co\/fr\/wp-content\/uploads\/sites\/2\/2024\/12\/A_Propos_3-300x200.jpg 300w, https:\/\/allygence.co\/fr\/wp-content\/uploads\/sites\/2\/2024\/12\/A_Propos_3-1024x681.jpg 1024w, https:\/\/allygence.co\/fr\/wp-content\/uploads\/sites\/2\/2024\/12\/A_Propos_3-768x511.jpg 768w, https:\/\/allygence.co\/fr\/wp-content\/uploads\/sites\/2\/2024\/12\/A_Propos_3-1536x1022.jpg 1536w\" sizes=\"auto, (max-width: 1920px) 100vw, 1920px\" \/><\/figure>\n<\/div>\n<\/div>\n<\/section>\n\n\n\n<section class=\"wp-block-group alignfull has-text-color has-background has-global-padding is-layout-constrained wp-container-core-group-is-layout-301d29bc wp-block-group-is-layout-constrained\" style=\"border-style:none;border-width:0px;color:#ffffff;background-color:#171d28;margin-top:0px;padding-top:5px;padding-bottom:5px;font-size:clamp(0.875rem, 0.875rem + ((1vw - 0.2rem) * 0.464), 1.13rem);font-style:normal;font-weight:400;line-height:1.4\">\n<div class=\"wp-block-columns is-layout-flex wp-container-core-columns-is-layout-aca22cf8 wp-block-columns-is-layout-flex\">\n<div class=\"wp-block-column is-layout-flow wp-container-core-column-is-layout-4c219d22 wp-block-column-is-layout-flow\" style=\"border-right-color:#ffffff3d;border-right-width:1px;padding-top:10px;padding-right:40px;padding-bottom:10px;padding-left:40px\">\n<h2 class=\"wp-block-heading has-text-align-center has-text-color\" style=\"color:#ffffff;margin-bottom:0rem;font-size:clamp(1.976rem, 1.976rem + ((1vw - 0.2rem) * 2.771), 3.5rem);font-style:normal;font-weight:500;line-height:0.8;text-transform:uppercase\">30+<\/h2>\n\n\n\n<h3 class=\"wp-block-heading has-text-align-center has-text-color\" style=\"color:#ffffff;margin-top:1.8rem;font-size:clamp(0.984rem, 0.984rem + ((1vw - 0.2rem) * 0.938), 1.5rem);font-style:normal;font-weight:700\"><strong>Ann\u00e9es d&rsquo;Excellence<\/strong><\/h3>\n\n\n\n<p class=\"has-text-align-center has-text-color\" style=\"color:#ffffff;font-size:clamp(0.875rem, 0.875rem + ((1vw - 0.2rem) * 0.045), 0.9rem);font-style:normal;font-weight:400\">Nous fournissons des conseils fiables depuis plus de 30 ans dans de nombreux secteurs B2B et pouvons relever vos d\u00e9fis rapidement.<\/p>\n<\/div>\n\n\n\n<div class=\"wp-block-column is-layout-flow wp-container-core-column-is-layout-49d3ca32 wp-block-column-is-layout-flow\" style=\"border-right-color:#ffffff3d;border-right-width:1px;padding-top:10px;padding-right:40px;padding-bottom:10px;padding-left:40px\">\n<h2 class=\"wp-block-heading has-text-align-center has-text-color\" style=\"color:#ffffff;margin-bottom:0rem;font-size:clamp(1.976rem, 1.976rem + ((1vw - 0.2rem) * 2.771), 3.5rem);font-style:normal;font-weight:500;line-height:0.8;text-transform:uppercase\">100%<\/h2>\n\n\n\n<h3 class=\"wp-block-heading has-text-align-center has-text-color\" style=\"color:#f8f9fa;margin-top:1.8rem;font-size:clamp(0.984rem, 0.984rem + ((1vw - 0.2rem) * 0.938), 1.5rem);font-style:normal;font-weight:700\">Business-to-Business <\/h3>\n\n\n\n<p class=\"has-text-align-center has-text-color\" style=\"color:#fefefe;font-size:clamp(0.875rem, 0.875rem + ((1vw - 0.2rem) * 0.045), 0.9rem);font-style:normal;font-weight:400\">Gr\u00e2ce \u00e0 notre esprit polyvalent et \u00e0 notre vaste exp\u00e9rience, nous sommes en mesure de couvrir l\u2019ensemble des activit\u00e9s B2B.<\/p>\n<\/div>\n\n\n\n<div class=\"wp-block-column is-layout-flow wp-container-core-column-is-layout-df287160 wp-block-column-is-layout-flow\" style=\"padding-top:10px;padding-right:40px;padding-bottom:10px;padding-left:40px\">\n<h2 class=\"wp-block-heading has-text-align-center has-text-color\" style=\"color:#ffffff;margin-bottom:0rem;font-size:clamp(1.976rem, 1.976rem + ((1vw - 0.2rem) * 2.771), 3.5rem);font-style:normal;font-weight:500;line-height:0.8;text-transform:uppercase\">100<\/h2>\n\n\n\n<h3 class=\"wp-block-heading has-text-align-center has-text-color\" style=\"color:#ffffff;margin-top:1.8rem;font-size:clamp(0.984rem, 0.984rem + ((1vw - 0.2rem) * 0.938), 1.5rem);font-style:normal;font-weight:700\">Index de <strong>Satisfaction<\/strong> <\/h3>\n\n\n\n<p class=\"has-text-align-center has-text-color\" style=\"color:#f3f3f3;font-size:clamp(0.875rem, 0.875rem + ((1vw - 0.2rem) * 0.045), 0.9rem);font-style:normal;font-weight:400\">Culture ax\u00e9e sur les r\u00e9sultats en r\u00e9ponse aux attentes des investisseurs en mati\u00e8re de performance qualitative et quantitative.<\/p>\n<\/div>\n<\/div>\n<\/section>\n\n\n\n<section class=\"wp-block-cover alignfull\" style=\"margin-top:0px;padding-top:1.01rem;padding-bottom:1.01rem;min-height:520px;aspect-ratio:unset;\"><span aria-hidden=\"true\" class=\"wp-block-cover__background has-black-background-color has-background-dim-20 has-background-dim\"><\/span><img loading=\"lazy\" decoding=\"async\" width=\"1920\" height=\"1280\" class=\"wp-block-cover__image-background wp-image-69\" alt=\"\" src=\"https:\/\/allygence.co\/fr\/wp-content\/uploads\/sites\/2\/2024\/12\/A_Propos_Bas.jpg\" style=\"object-position:27% 0%\" data-object-fit=\"cover\" data-object-position=\"27% 0%\" srcset=\"https:\/\/allygence.co\/fr\/wp-content\/uploads\/sites\/2\/2024\/12\/A_Propos_Bas.jpg 1920w, https:\/\/allygence.co\/fr\/wp-content\/uploads\/sites\/2\/2024\/12\/A_Propos_Bas-300x200.jpg 300w, https:\/\/allygence.co\/fr\/wp-content\/uploads\/sites\/2\/2024\/12\/A_Propos_Bas-1024x683.jpg 1024w, https:\/\/allygence.co\/fr\/wp-content\/uploads\/sites\/2\/2024\/12\/A_Propos_Bas-768x512.jpg 768w, https:\/\/allygence.co\/fr\/wp-content\/uploads\/sites\/2\/2024\/12\/A_Propos_Bas-1536x1024.jpg 1536w\" sizes=\"auto, (max-width: 1920px) 100vw, 1920px\" \/><div class=\"wp-block-cover__inner-container has-global-padding is-layout-constrained wp-container-core-cover-is-layout-b1bebcb3 wp-block-cover-is-layout-constrained\">\n<div class=\"wp-block-group has-text-color is-layout-flow wp-block-group-is-layout-flow\" style=\"color:#fffffd;margin-top:0px;padding-top:0rem;padding-right:1rem;padding-bottom:0rem;padding-left:1rem;font-size:clamp(0.875rem, 0.875rem + ((1vw - 0.2rem) * 0.464), 1.13rem);font-style:normal;font-weight:400;line-height:1.4\">\n<div class=\"wp-block-group has-global-padding is-layout-constrained wp-container-core-group-is-layout-bdbfdc43 wp-block-group-is-layout-constrained\">\n<p class=\"has-text-align-center has-text-color\" style=\"color:#fffffd;margin-bottom:0rem;font-size:clamp(24.034px, 1.502rem + ((1vw - 3.2px) * 1.814), 40px);font-style:normal;font-weight:700;line-height:1\">Allygence a transform\u00e9 notre vision en r\u00e9alit\u00e9, en nous guidant \u00e0 chaque \u00e9tape du processus.<\/p>\n<\/div>\n\n\n\n<div class=\"wp-block-group is-vertical is-content-justification-stretch is-layout-flex wp-container-core-group-is-layout-bfdebe91 wp-block-group-is-layout-flex\" style=\"margin-top:1.81rem;padding-right:0px;padding-left:0px\">\n<div class=\"wp-block-group has-global-padding is-content-justification-center is-layout-constrained wp-container-core-group-is-layout-2f0bcb29 wp-block-group-is-layout-constrained\" style=\"margin-top:0px\">\n<div class=\"wp-block-buttons is-horizontal is-content-justification-center is-nowrap is-layout-flex wp-container-core-buttons-is-layout-a9e1da57 wp-block-buttons-is-layout-flex\" style=\"margin-top:0.51rem\">\n<div class=\"wp-block-button has-custom-width wp-block-button__width-100 has-custom-font-size is-style-fill\" style=\"font-size:clamp(0.875rem, 0.875rem + ((1vw - 0.2rem) * 0.245), 1.01rem);font-style:normal;font-weight:600;line-height:1.5;text-transform:uppercase\"><a class=\"wp-block-button__link has-text-color has-background wp-element-button\" href=\"https:\/\/allygence.co\/fr\/contact\/\" style=\"border-style:none;border-width:0px;border-radius:30px;color:#fffffd;background-color:#5947fc;padding-top:0.71rem;padding-right:0.31rem;padding-bottom:0.71rem;padding-left:0.31rem\">RENCONTRONS-NOUS<\/a><\/div>\n<\/div>\n<\/div>\n<\/div>\n<\/div>\n<\/div><\/section>\n","protected":false},"excerpt":{"rendered":"<p>Notre engagement envers votre r\u00e9ussite et votre transformation Chez Allygence, nous croyons au pouvoir de la transformation. Notre objectif est de guider les entreprises dans leur parcours d\u2019investissement et de d\u00e9veloppement de capitaux. Nous commen\u00e7ons par vous aider \u00e0 fa\u00e7onner une vision claire, puis nous explorons les meilleures options d\u2019investissement adapt\u00e9es \u00e0 vos besoins. Notre [&hellip;]<\/p>\n","protected":false},"author":1,"featured_media":0,"parent":0,"menu_order":0,"comment_status":"closed","ping_status":"closed","template":"","meta":{"footnotes":""},"class_list":["post-9","page","type-page","status-publish","hentry"],"_links":{"self":[{"href":"https:\/\/allygence.co\/fr\/wp-json\/wp\/v2\/pages\/9","targetHints":{"allow":["GET"]}}],"collection":[{"href":"https:\/\/allygence.co\/fr\/wp-json\/wp\/v2\/pages"}],"about":[{"href":"https:\/\/allygence.co\/fr\/wp-json\/wp\/v2\/types\/page"}],"author":[{"embeddable":true,"href":"https:\/\/allygence.co\/fr\/wp-json\/wp\/v2\/users\/1"}],"replies":[{"embeddable":true,"href":"https:\/\/allygence.co\/fr\/wp-json\/wp\/v2\/comments?post=9"}],"version-history":[{"count":1,"href":"https:\/\/allygence.co\/fr\/wp-json\/wp\/v2\/pages\/9\/revisions"}],"predecessor-version":[{"id":1199,"href":"https:\/\/allygence.co\/fr\/wp-json\/wp\/v2\/pages\/9\/revisions\/1199"}],"wp:attachment":[{"href":"https:\/\/allygence.co\/fr\/wp-json\/wp\/v2\/media?parent=9"}],"curies":[{"name":"wp","href":"https:\/\/api.w.org\/{rel}","templated":true}]}}